{"id":2850,"date":"2022-07-06T13:19:26","date_gmt":"2022-07-06T13:19:26","guid":{"rendered":"http:\/\/www.acib.pt\/?page_id=2850"},"modified":"2022-07-18T16:35:50","modified_gmt":"2022-07-18T16:35:50","slug":"condicoes-de-participacao-nao-financiada","status":"publish","type":"page","link":"https:\/\/www.acib.pt\/index.php\/condicoes-de-participacao-nao-financiada\/","title":{"rendered":"Condi\u00e7\u00f5es de Participa\u00e7\u00e3o N\u00e3o Financiada"},"content":{"rendered":"\t\t<div data-elementor-type=\"wp-page\" data-elementor-id=\"2850\" class=\"elementor elementor-2850\">\n\t\t\t\t\t\t<section class=\"elementor-section elementor-top-section elementor-element elementor-element-e391cba elementor-section-height-min-height elementor-section-boxed elementor-section-height-default elementor-section-items-middle\" data-id=\"e391cba\" data-element_type=\"section\">\n\t\t\t\t\t\t<div class=\"elementor-container elementor-column-gap-default\">\n\t\t\t\t\t<div class=\"elementor-column elementor-col-100 elementor-top-column elementor-element elementor-element-9450315\" data-id=\"9450315\" data-element_type=\"column\">\n\t\t\t<div class=\"elementor-widget-wrap elementor-element-populated\">\n\t\t\t\t\t\t<div class=\"elementor-element elementor-element-5971ea5 elementor-widget elementor-widget-heading\" data-id=\"5971ea5\" data-element_type=\"widget\" data-widget_type=\"heading.default\">\n\t\t\t\t<div class=\"elementor-widget-container\">\n\t\t\t\t\t<h3 class=\"elementor-heading-title elementor-size-default\">Condi\u00e7\u00f5es GERAIS de Participa\u00e7\u00e3o <\/h3>\t\t\t\t<\/div>\n\t\t\t\t<\/div>\n\t\t\t\t<div class=\"elementor-element elementor-element-12d26db elementor-widget-divider--view-line elementor-widget elementor-widget-divider\" data-id=\"12d26db\" data-element_type=\"widget\" data-widget_type=\"divider.default\">\n\t\t\t\t<div class=\"elementor-widget-container\">\n\t\t\t\t\t\t\t<div class=\"elementor-divider\">\n\t\t\t<span class=\"elementor-divider-separator\">\n\t\t\t\t\t\t<\/span>\n\t\t<\/div>\n\t\t\t\t\t\t<\/div>\n\t\t\t\t<\/div>\n\t\t\t\t<div class=\"elementor-element elementor-element-df75d92 paragraph-text elementor-widget elementor-widget-text-editor\" data-id=\"df75d92\" data-element_type=\"widget\" data-widget_type=\"text-editor.default\">\n\t\t\t\t<div class=\"elementor-widget-container\">\n\t\t\t\t\t\t\t\t\t<p><strong>Forma\u00e7\u00e3o N\u00e3o Financiada<\/strong><\/p>\t\t\t\t\t\t\t\t<\/div>\n\t\t\t\t<\/div>\n\t\t\t\t<div class=\"elementor-element elementor-element-f871ef5 elementor-widget elementor-widget-toggle\" data-id=\"f871ef5\" data-element_type=\"widget\" data-widget_type=\"toggle.default\">\n\t\t\t\t<div class=\"elementor-widget-container\">\n\t\t\t\t\t\t\t<div class=\"elementor-toggle\">\n\t\t\t\t\t\t\t<div class=\"elementor-toggle-item\">\n\t\t\t\t\t<div id=\"elementor-tab-title-2601\" class=\"elementor-tab-title\" data-tab=\"1\" role=\"button\" aria-controls=\"elementor-tab-content-2601\" aria-expanded=\"false\">\n\t\t\t\t\t\t\t\t\t\t\t\t<span class=\"elementor-toggle-icon elementor-toggle-icon-left\" aria-hidden=\"true\">\n\t\t\t\t\t\t\t\t\t\t\t\t\t\t\t<span class=\"elementor-toggle-icon-closed\"><i class=\"fas fa-plus\"><\/i><\/span>\n\t\t\t\t\t\t\t\t<span class=\"elementor-toggle-icon-opened\"><i class=\"elementor-toggle-icon-opened fas fa-minus\"><\/i><\/span>\n\t\t\t\t\t\t\t\t\t\t\t\t\t<\/span>\n\t\t\t\t\t\t\t\t\t\t\t\t<a class=\"elementor-toggle-title\" tabindex=\"0\"> 1 - Organiza\u00e7\u00e3o da Forma\u00e7\u00e3o<\/a>\n\t\t\t\t\t<\/div>\n\n\t\t\t\t\t<div id=\"elementor-tab-content-2601\" class=\"elementor-tab-content elementor-clearfix\" data-tab=\"1\" role=\"region\" aria-labelledby=\"elementor-tab-title-2601\"><ul class=\"custom-list\">\n \t<li>A Forma\u00e7\u00e3o poder\u00e1 decorrer nas instala\u00e7\u00f5es da Acib, em outro local indicado pela Entidade, ou em formato online;<\/li>\n<li>O hor\u00e1rio pode ser definido e ajustado em cada a\u00e7\u00e3o de forma\u00e7\u00e3o<\/li>\n<\/ul><\/div>\n\t\t\t\t<\/div>\n\t\t\t\t\t\t\t<div class=\"elementor-toggle-item\">\n\t\t\t\t\t<div id=\"elementor-tab-title-2602\" class=\"elementor-tab-title\" data-tab=\"2\" role=\"button\" aria-controls=\"elementor-tab-content-2602\" aria-expanded=\"false\">\n\t\t\t\t\t\t\t\t\t\t\t\t<span class=\"elementor-toggle-icon elementor-toggle-icon-left\" aria-hidden=\"true\">\n\t\t\t\t\t\t\t\t\t\t\t\t\t\t\t<span class=\"elementor-toggle-icon-closed\"><i class=\"fas fa-plus\"><\/i><\/span>\n\t\t\t\t\t\t\t\t<span class=\"elementor-toggle-icon-opened\"><i class=\"elementor-toggle-icon-opened fas fa-minus\"><\/i><\/span>\n\t\t\t\t\t\t\t\t\t\t\t\t\t<\/span>\n\t\t\t\t\t\t\t\t\t\t\t\t<a class=\"elementor-toggle-title\" tabindex=\"0\">2 - Condi\u00e7\u00f5es de Realiza\u00e7\u00e3o da Forma\u00e7\u00e3o a Dist\u00e2ncia \u2013 E-Learning<\/a>\n\t\t\t\t\t<\/div>\n\n\t\t\t\t\t<div id=\"elementor-tab-content-2602\" class=\"elementor-tab-content elementor-clearfix\" data-tab=\"2\" role=\"region\" aria-labelledby=\"elementor-tab-title-2602\"><ul class=\"custom-list\">\n \t<li>De modo a frequentarem as forma\u00e7\u00f5es, o\/a participante dever\u00e1 estar dotado dos seguintes recursos: acesso \u00e0 internet, computador ou equipamento equiparado, com sistema de \u00e1udio e v\u00eddeo funcionais;<\/li>\n \t<li>As a\u00e7\u00f5es de forma\u00e7\u00e3o decorrem em regime de ensino a dist\u00e2ncia online (E-learning), s\u00edncrono (sess\u00f5es com hora marcada);<\/li>\n \t<li>A forma\u00e7\u00e3o decorrer\u00e1 no formato de videoconfer\u00eancia recorrendo \u00e0 utiliza\u00e7\u00e3o da Microsoft Teams, recomendamos assim a instala\u00e7\u00e3o da aplica\u00e7\u00e3o gratuita<\/li>\n<li>Poder\u00e1 consultar o Regulamento de Funcionamento da Forma\u00e7\u00e3o na Plataforma Teams;\n<\/li>\n<\/ul><\/div>\n\t\t\t\t<\/div>\n\t\t\t\t\t\t\t<div class=\"elementor-toggle-item\">\n\t\t\t\t\t<div id=\"elementor-tab-title-2603\" class=\"elementor-tab-title\" data-tab=\"3\" role=\"button\" aria-controls=\"elementor-tab-content-2603\" aria-expanded=\"false\">\n\t\t\t\t\t\t\t\t\t\t\t\t<span class=\"elementor-toggle-icon elementor-toggle-icon-left\" aria-hidden=\"true\">\n\t\t\t\t\t\t\t\t\t\t\t\t\t\t\t<span class=\"elementor-toggle-icon-closed\"><i class=\"fas fa-plus\"><\/i><\/span>\n\t\t\t\t\t\t\t\t<span class=\"elementor-toggle-icon-opened\"><i class=\"elementor-toggle-icon-opened fas fa-minus\"><\/i><\/span>\n\t\t\t\t\t\t\t\t\t\t\t\t\t<\/span>\n\t\t\t\t\t\t\t\t\t\t\t\t<a class=\"elementor-toggle-title\" tabindex=\"0\">3 - Inscri\u00e7\u00e3o - Documentos \/ Dados dos Participantes<\/a>\n\t\t\t\t\t<\/div>\n\n\t\t\t\t\t<div id=\"elementor-tab-content-2603\" class=\"elementor-tab-content elementor-clearfix\" data-tab=\"3\" role=\"region\" aria-labelledby=\"elementor-tab-title-2603\"><ul class=\"custom-list\"><li><p>Registo da pr\u00e9-inscri\u00e7\u00e3o no site <a class=\"link-text\" href=\"https:\/\/www.acib.pt\/\">www.acib.pt<\/a>;<\/p><\/li><\/ul><p><strong>Nota<\/strong> &#8211; Ap\u00f3s valida\u00e7\u00e3o da sua pr\u00e9-inscri\u00e7\u00e3o e antes da ac\u00e7\u00e3o iniciar, ir\u00e1 recepcionar um email onde s\u00e3o solicitado os seguintes documentos que dever\u00e3o ser devolvidos devidamente preenchidos e assinados:<\/p><ul class=\"custom-list\"><li>Ficha de inscri\u00e7\u00e3o e Contrato de forma\u00e7\u00e3o;<\/li><li>C\u00f3pia do Cart\u00e3o de Cidad\u00e3o para emiss\u00e3o do certificado, com indica\u00e7\u00e3o: \u201cpara efeitos de forma\u00e7\u00e3o\u201d;<\/li><\/ul><\/div>\n\t\t\t\t<\/div>\n\t\t\t\t\t\t\t<div class=\"elementor-toggle-item\">\n\t\t\t\t\t<div id=\"elementor-tab-title-2604\" class=\"elementor-tab-title\" data-tab=\"4\" role=\"button\" aria-controls=\"elementor-tab-content-2604\" aria-expanded=\"false\">\n\t\t\t\t\t\t\t\t\t\t\t\t<span class=\"elementor-toggle-icon elementor-toggle-icon-left\" aria-hidden=\"true\">\n\t\t\t\t\t\t\t\t\t\t\t\t\t\t\t<span class=\"elementor-toggle-icon-closed\"><i class=\"fas fa-plus\"><\/i><\/span>\n\t\t\t\t\t\t\t\t<span class=\"elementor-toggle-icon-opened\"><i class=\"elementor-toggle-icon-opened fas fa-minus\"><\/i><\/span>\n\t\t\t\t\t\t\t\t\t\t\t\t\t<\/span>\n\t\t\t\t\t\t\t\t\t\t\t\t<a class=\"elementor-toggle-title\" tabindex=\"0\">4 - Desist\u00eancias, N\u00e3o Compar\u00eancia ou Cancelamento<\/a>\n\t\t\t\t\t<\/div>\n\n\t\t\t\t\t<div id=\"elementor-tab-content-2604\" class=\"elementor-tab-content elementor-clearfix\" data-tab=\"4\" role=\"region\" aria-labelledby=\"elementor-tab-title-2604\"><ul class=\"custom-list\">\n \t<li> A presen\u00e7a no curso apenas \u00e9 garantida ap\u00f3s a comunica\u00e7\u00e3o da selec\u00e7\u00e3o por parte da\n  ACIB  e liquida\u00e7\u00e3o da inscri\u00e7\u00e3o at\u00e9 a data do seu in\u00edcio. O cancelamento da inscri\u00e7\u00e3o deve\n  ser efectuado por escrito at\u00e9 ao dia anterior ao in\u00edcio do curso. N\u00e3o existindo documento\n  comprovativo do cancelamento da inscri\u00e7\u00e3o e no caso de n\u00e3o compar\u00eancia ser\u00e1 emitido   \n  factura para posterior de liquida\u00e7\u00e3o.<\/li>\n  <ul class=\"custom-list\">\n <li> Caso o formando seleccionado n\u00e3o compare\u00e7a na 1\u00aa sess\u00e3o de forma\u00e7\u00e3o e n\u00e3o avise. Poder\u00e1 ser substitu\u00eddo por outro formando que re\u00fana as condi\u00e7\u00f5es de selec\u00e7\u00e3o.              \n<\/li>\n<\/div>\n\t\t\t\t<\/div>\n\t\t\t\t\t\t\t<div class=\"elementor-toggle-item\">\n\t\t\t\t\t<div id=\"elementor-tab-title-2605\" class=\"elementor-tab-title\" data-tab=\"5\" role=\"button\" aria-controls=\"elementor-tab-content-2605\" aria-expanded=\"false\">\n\t\t\t\t\t\t\t\t\t\t\t\t<span class=\"elementor-toggle-icon elementor-toggle-icon-left\" aria-hidden=\"true\">\n\t\t\t\t\t\t\t\t\t\t\t\t\t\t\t<span class=\"elementor-toggle-icon-closed\"><i class=\"fas fa-plus\"><\/i><\/span>\n\t\t\t\t\t\t\t\t<span class=\"elementor-toggle-icon-opened\"><i class=\"elementor-toggle-icon-opened fas fa-minus\"><\/i><\/span>\n\t\t\t\t\t\t\t\t\t\t\t\t\t<\/span>\n\t\t\t\t\t\t\t\t\t\t\t\t<a class=\"elementor-toggle-title\" tabindex=\"0\">5 - Pagamentos e Devolu\u00e7\u00f5es<\/a>\n\t\t\t\t\t<\/div>\n\n\t\t\t\t\t<div id=\"elementor-tab-content-2605\" class=\"elementor-tab-content elementor-clearfix\" data-tab=\"5\" role=\"region\" aria-labelledby=\"elementor-tab-title-2605\"><ul class=\"custom-list\"><li><p>Pagamento da inscri\u00e7\u00e3o, de acordo com o estabelecido pela entidade, caso o formando desista da a\u00e7\u00e3o de forma\u00e7\u00e3o ou reprove n\u00e3o lhe \u00e9 devolvido qualquer valor referente ao custo do curso;<\/p><\/li><li>Na eventualidade de o n\u00ba de inscritos ser considerado insuficiente, a Acib reserva-se o direito de cancelar ou adiar a a\u00e7\u00e3o, informando os participantes inscritos da sua decis\u00e3o e devolvendo o pagamento efetuado;<\/li><li>Os participantes, ou as organiza\u00e7\u00f5es a que pertencem, poder\u00e3o efectuar o pagamento em dinheiro, por cheque \u00e0 ordem da ACIB ou por transfer\u00eancia banc\u00e1ria. O respectivo recibo \u00e9 emitido ap\u00f3s a quita\u00e7\u00e3o, em nome do Formando ou da Empresa a que pertence. O pagamento da inscri\u00e7\u00e3o dever\u00e1 ser feito no in\u00edcio da forma\u00e7\u00e3o.<\/li><\/ul><\/div>\n\t\t\t\t<\/div>\n\t\t\t\t\t\t\t\t<\/div>\n\t\t\t\t\t\t<\/div>\n\t\t\t\t<\/div>\n\t\t\t\t<div class=\"elementor-element elementor-element-6b62c0f paragraph-text elementor-widget elementor-widget-text-editor\" data-id=\"6b62c0f\" data-element_type=\"widget\" data-widget_type=\"text-editor.default\">\n\t\t\t\t<div class=\"elementor-widget-container\">\n\t\t\t\t\t\t\t\t\t<p><strong>Notas<\/strong><br \/>Caso tenha alguma d\u00favida, contacte-nos enviando email para: <a class=\"link-text\" href=\"mailto:formacao@acib.pt\">formacao@acib.pt<\/a><\/p>\t\t\t\t\t\t\t\t<\/div>\n\t\t\t\t<\/div>\n\t\t\t\t\t<\/div>\n\t\t<\/div>\n\t\t\t\t\t<\/div>\n\t\t<\/section>\n\t\t\t\t<\/div>\n\t\t","protected":false},"excerpt":{"rendered":"<p>Condi\u00e7\u00f5es GERAIS de Participa\u00e7\u00e3o Forma\u00e7\u00e3o N\u00e3o Financiada 1 &#8211; Organiza\u00e7\u00e3o da Forma\u00e7\u00e3o A Forma\u00e7\u00e3o poder\u00e1 decorrer nas instala\u00e7\u00f5es da Acib, em outro local indicado pela Entidade, ou em formato online; O hor\u00e1rio pode ser definido e ajustado em cada a\u00e7\u00e3o de forma\u00e7\u00e3o 2 &#8211; Condi\u00e7\u00f5es de Realiza\u00e7\u00e3o da Forma\u00e7\u00e3o a Dist\u00e2ncia \u2013 E-Learning De modo [&hellip;]<\/p>\n","protected":false},"author":1,"featured_media":0,"parent":0,"menu_order":0,"comment_status":"closed","ping_status":"closed","template":"","meta":{"footnotes":""},"class_list":["post-2850","page","type-page","status-publish","hentry"],"yoast_head":"<!-- This site is optimized with the Yoast SEO plugin v26.1.1 - https:\/\/yoast.com\/wordpress\/plugins\/seo\/ -->\n<title>Condi\u00e7\u00f5es de Participa\u00e7\u00e3o N\u00e3o Financiada - ACIB - Associa\u00e7\u00e3o Comercial e Industrial da Bairrada<\/title>\n<meta name=\"robots\" content=\"index, follow, max-snippet:-1, max-image-preview:large, max-video-preview:-1\" \/>\n<link rel=\"canonical\" href=\"https:\/\/www.acib.pt\/index.php\/condicoes-de-participacao-nao-financiada\/\" \/>\n<meta property=\"og:locale\" content=\"pt_PT\" \/>\n<meta property=\"og:type\" content=\"article\" \/>\n<meta property=\"og:title\" content=\"Condi\u00e7\u00f5es de Participa\u00e7\u00e3o N\u00e3o Financiada - ACIB - Associa\u00e7\u00e3o Comercial e Industrial da Bairrada\" \/>\n<meta property=\"og:description\" content=\"Condi\u00e7\u00f5es GERAIS de Participa\u00e7\u00e3o Forma\u00e7\u00e3o N\u00e3o Financiada 1 &#8211; Organiza\u00e7\u00e3o da Forma\u00e7\u00e3o A Forma\u00e7\u00e3o poder\u00e1 decorrer nas instala\u00e7\u00f5es da Acib, em outro local indicado pela Entidade, ou em formato online; O hor\u00e1rio pode ser definido e ajustado em cada a\u00e7\u00e3o de forma\u00e7\u00e3o 2 &#8211; Condi\u00e7\u00f5es de Realiza\u00e7\u00e3o da Forma\u00e7\u00e3o a Dist\u00e2ncia \u2013 E-Learning De modo [&hellip;]\" \/>\n<meta property=\"og:url\" content=\"https:\/\/www.acib.pt\/index.php\/condicoes-de-participacao-nao-financiada\/\" \/>\n<meta property=\"og:site_name\" content=\"ACIB - Associa\u00e7\u00e3o Comercial e Industrial da Bairrada\" \/>\n<meta property=\"article:modified_time\" content=\"2022-07-18T16:35:50+00:00\" \/>\n<meta name=\"twitter:card\" content=\"summary_large_image\" \/>\n<meta name=\"twitter:label1\" content=\"Tempo estimado de leitura\" \/>\n\t<meta name=\"twitter:data1\" content=\"3 minutos\" \/>\n<script type=\"application\/ld+json\" class=\"yoast-schema-graph\">{\"@context\":\"https:\/\/schema.org\",\"@graph\":[{\"@type\":\"WebPage\",\"@id\":\"https:\/\/www.acib.pt\/index.php\/condicoes-de-participacao-nao-financiada\/\",\"url\":\"https:\/\/www.acib.pt\/index.php\/condicoes-de-participacao-nao-financiada\/\",\"name\":\"Condi\u00e7\u00f5es de Participa\u00e7\u00e3o N\u00e3o Financiada - ACIB - Associa\u00e7\u00e3o Comercial e Industrial da Bairrada\",\"isPartOf\":{\"@id\":\"https:\/\/www.acib.pt\/#website\"},\"datePublished\":\"2022-07-06T13:19:26+00:00\",\"dateModified\":\"2022-07-18T16:35:50+00:00\",\"breadcrumb\":{\"@id\":\"https:\/\/www.acib.pt\/index.php\/condicoes-de-participacao-nao-financiada\/#breadcrumb\"},\"inLanguage\":\"pt-PT\",\"potentialAction\":[{\"@type\":\"ReadAction\",\"target\":[\"https:\/\/www.acib.pt\/index.php\/condicoes-de-participacao-nao-financiada\/\"]}]},{\"@type\":\"BreadcrumbList\",\"@id\":\"https:\/\/www.acib.pt\/index.php\/condicoes-de-participacao-nao-financiada\/#breadcrumb\",\"itemListElement\":[{\"@type\":\"ListItem\",\"position\":1,\"name\":\"In\u00edcio\",\"item\":\"https:\/\/www.acib.pt\/\"},{\"@type\":\"ListItem\",\"position\":2,\"name\":\"Condi\u00e7\u00f5es de Participa\u00e7\u00e3o N\u00e3o Financiada\"}]},{\"@type\":\"WebSite\",\"@id\":\"https:\/\/www.acib.pt\/#website\",\"url\":\"https:\/\/www.acib.pt\/\",\"name\":\"ACIB - Associa\u00e7\u00e3o Comercial e Industrial da Bairrada\",\"description\":\"\",\"publisher\":{\"@id\":\"https:\/\/www.acib.pt\/#organization\"},\"potentialAction\":[{\"@type\":\"SearchAction\",\"target\":{\"@type\":\"EntryPoint\",\"urlTemplate\":\"https:\/\/www.acib.pt\/?s={search_term_string}\"},\"query-input\":{\"@type\":\"PropertyValueSpecification\",\"valueRequired\":true,\"valueName\":\"search_term_string\"}}],\"inLanguage\":\"pt-PT\"},{\"@type\":\"Organization\",\"@id\":\"https:\/\/www.acib.pt\/#organization\",\"name\":\"ACIB - Associa\u00e7\u00e3o Comercial e Industrial da Bairrada\",\"url\":\"https:\/\/www.acib.pt\/\",\"logo\":{\"@type\":\"ImageObject\",\"inLanguage\":\"pt-PT\",\"@id\":\"https:\/\/www.acib.pt\/#\/schema\/logo\/image\/\",\"url\":\"https:\/\/www.acib.pt\/wp-content\/uploads\/2022\/05\/logo-header.png\",\"contentUrl\":\"https:\/\/www.acib.pt\/wp-content\/uploads\/2022\/05\/logo-header.png\",\"width\":566,\"height\":800,\"caption\":\"ACIB - Associa\u00e7\u00e3o Comercial e Industrial da Bairrada\"},\"image\":{\"@id\":\"https:\/\/www.acib.pt\/#\/schema\/logo\/image\/\"}}]}<\/script>\n<!-- \/ Yoast SEO plugin. -->","yoast_head_json":{"title":"Condi\u00e7\u00f5es de Participa\u00e7\u00e3o N\u00e3o Financiada - ACIB - Associa\u00e7\u00e3o Comercial e Industrial da Bairrada","robots":{"index":"index","follow":"follow","max-snippet":"max-snippet:-1","max-image-preview":"max-image-preview:large","max-video-preview":"max-video-preview:-1"},"canonical":"https:\/\/www.acib.pt\/index.php\/condicoes-de-participacao-nao-financiada\/","og_locale":"pt_PT","og_type":"article","og_title":"Condi\u00e7\u00f5es de Participa\u00e7\u00e3o N\u00e3o Financiada - ACIB - Associa\u00e7\u00e3o Comercial e Industrial da Bairrada","og_description":"Condi\u00e7\u00f5es GERAIS de Participa\u00e7\u00e3o Forma\u00e7\u00e3o N\u00e3o Financiada 1 &#8211; Organiza\u00e7\u00e3o da Forma\u00e7\u00e3o A Forma\u00e7\u00e3o poder\u00e1 decorrer nas instala\u00e7\u00f5es da Acib, em outro local indicado pela Entidade, ou em formato online; O hor\u00e1rio pode ser definido e ajustado em cada a\u00e7\u00e3o de forma\u00e7\u00e3o 2 &#8211; Condi\u00e7\u00f5es de Realiza\u00e7\u00e3o da Forma\u00e7\u00e3o a Dist\u00e2ncia \u2013 E-Learning De modo [&hellip;]","og_url":"https:\/\/www.acib.pt\/index.php\/condicoes-de-participacao-nao-financiada\/","og_site_name":"ACIB - Associa\u00e7\u00e3o Comercial e Industrial da Bairrada","article_modified_time":"2022-07-18T16:35:50+00:00","twitter_card":"summary_large_image","twitter_misc":{"Tempo estimado de leitura":"3 minutos"},"schema":{"@context":"https:\/\/schema.org","@graph":[{"@type":"WebPage","@id":"https:\/\/www.acib.pt\/index.php\/condicoes-de-participacao-nao-financiada\/","url":"https:\/\/www.acib.pt\/index.php\/condicoes-de-participacao-nao-financiada\/","name":"Condi\u00e7\u00f5es de Participa\u00e7\u00e3o N\u00e3o Financiada - ACIB - Associa\u00e7\u00e3o Comercial e Industrial da Bairrada","isPartOf":{"@id":"https:\/\/www.acib.pt\/#website"},"datePublished":"2022-07-06T13:19:26+00:00","dateModified":"2022-07-18T16:35:50+00:00","breadcrumb":{"@id":"https:\/\/www.acib.pt\/index.php\/condicoes-de-participacao-nao-financiada\/#breadcrumb"},"inLanguage":"pt-PT","potentialAction":[{"@type":"ReadAction","target":["https:\/\/www.acib.pt\/index.php\/condicoes-de-participacao-nao-financiada\/"]}]},{"@type":"BreadcrumbList","@id":"https:\/\/www.acib.pt\/index.php\/condicoes-de-participacao-nao-financiada\/#breadcrumb","itemListElement":[{"@type":"ListItem","position":1,"name":"In\u00edcio","item":"https:\/\/www.acib.pt\/"},{"@type":"ListItem","position":2,"name":"Condi\u00e7\u00f5es de Participa\u00e7\u00e3o N\u00e3o Financiada"}]},{"@type":"WebSite","@id":"https:\/\/www.acib.pt\/#website","url":"https:\/\/www.acib.pt\/","name":"ACIB - Associa\u00e7\u00e3o Comercial e Industrial da Bairrada","description":"","publisher":{"@id":"https:\/\/www.acib.pt\/#organization"},"potentialAction":[{"@type":"SearchAction","target":{"@type":"EntryPoint","urlTemplate":"https:\/\/www.acib.pt\/?s={search_term_string}"},"query-input":{"@type":"PropertyValueSpecification","valueRequired":true,"valueName":"search_term_string"}}],"inLanguage":"pt-PT"},{"@type":"Organization","@id":"https:\/\/www.acib.pt\/#organization","name":"ACIB - Associa\u00e7\u00e3o Comercial e Industrial da Bairrada","url":"https:\/\/www.acib.pt\/","logo":{"@type":"ImageObject","inLanguage":"pt-PT","@id":"https:\/\/www.acib.pt\/#\/schema\/logo\/image\/","url":"https:\/\/www.acib.pt\/wp-content\/uploads\/2022\/05\/logo-header.png","contentUrl":"https:\/\/www.acib.pt\/wp-content\/uploads\/2022\/05\/logo-header.png","width":566,"height":800,"caption":"ACIB - Associa\u00e7\u00e3o Comercial e Industrial da Bairrada"},"image":{"@id":"https:\/\/www.acib.pt\/#\/schema\/logo\/image\/"}}]}},"_links":{"self":[{"href":"https:\/\/www.acib.pt\/index.php\/wp-json\/wp\/v2\/pages\/2850","targetHints":{"allow":["GET"]}}],"collection":[{"href":"https:\/\/www.acib.pt\/index.php\/wp-json\/wp\/v2\/pages"}],"about":[{"href":"https:\/\/www.acib.pt\/index.php\/wp-json\/wp\/v2\/types\/page"}],"author":[{"embeddable":true,"href":"https:\/\/www.acib.pt\/index.php\/wp-json\/wp\/v2\/users\/1"}],"replies":[{"embeddable":true,"href":"https:\/\/www.acib.pt\/index.php\/wp-json\/wp\/v2\/comments?post=2850"}],"version-history":[{"count":16,"href":"https:\/\/www.acib.pt\/index.php\/wp-json\/wp\/v2\/pages\/2850\/revisions"}],"predecessor-version":[{"id":3255,"href":"https:\/\/www.acib.pt\/index.php\/wp-json\/wp\/v2\/pages\/2850\/revisions\/3255"}],"wp:attachment":[{"href":"https:\/\/www.acib.pt\/index.php\/wp-json\/wp\/v2\/media?parent=2850"}],"curies":[{"name":"wp","href":"https:\/\/api.w.org\/{rel}","templated":true}]}}