{"id":2961,"date":"2022-07-06T15:19:45","date_gmt":"2022-07-06T15:19:45","guid":{"rendered":"http:\/\/www.acib.pt\/?page_id=2961"},"modified":"2022-07-06T15:37:16","modified_gmt":"2022-07-06T15:37:16","slug":"submissao-de-ofertas-de-emprego-empresas","status":"publish","type":"page","link":"https:\/\/www.acib.pt\/index.php\/submissao-de-ofertas-de-emprego-empresas\/","title":{"rendered":"Submiss\u00e3o de Ofertas de Emprego \u2013 Empresas"},"content":{"rendered":"\t\t<div data-elementor-type=\"wp-page\" data-elementor-id=\"2961\" class=\"elementor elementor-2961\">\n\t\t\t\t\t\t<section class=\"elementor-section elementor-top-section elementor-element elementor-element-45a256f elementor-section-boxed elementor-section-height-default elementor-section-height-default\" data-id=\"45a256f\" data-element_type=\"section\">\n\t\t\t\t\t\t<div class=\"elementor-container elementor-column-gap-default\">\n\t\t\t\t\t<div class=\"elementor-column elementor-col-100 elementor-top-column elementor-element elementor-element-de7dada\" data-id=\"de7dada\" data-element_type=\"column\">\n\t\t\t<div class=\"elementor-widget-wrap elementor-element-populated\">\n\t\t\t\t\t\t<div class=\"elementor-element elementor-element-fb814ac elementor-widget elementor-widget-heading\" data-id=\"fb814ac\" data-element_type=\"widget\" data-widget_type=\"heading.default\">\n\t\t\t\t<div class=\"elementor-widget-container\">\n\t\t\t\t\t<h3 class=\"elementor-heading-title elementor-size-default\">Submiss\u00e3o de Ofertas de Emprego \u2013 Empresas<\/h3>\t\t\t\t<\/div>\n\t\t\t\t<\/div>\n\t\t\t\t<div class=\"elementor-element elementor-element-5e5360f elementor-widget-divider--view-line elementor-widget elementor-widget-divider\" data-id=\"5e5360f\" data-element_type=\"widget\" data-widget_type=\"divider.default\">\n\t\t\t\t<div class=\"elementor-widget-container\">\n\t\t\t\t\t\t\t<div class=\"elementor-divider\">\n\t\t\t<span class=\"elementor-divider-separator\">\n\t\t\t\t\t\t<\/span>\n\t\t<\/div>\n\t\t\t\t\t\t<\/div>\n\t\t\t\t<\/div>\n\t\t\t\t<div class=\"elementor-element elementor-element-6a028f9 paragraph-text elementor-widget elementor-widget-text-editor\" data-id=\"6a028f9\" data-element_type=\"widget\" data-widget_type=\"text-editor.default\">\n\t\t\t\t<div class=\"elementor-widget-container\">\n\t\t\t\t\t\t\t\t\tPara saber como se tornar Associado envie-nos o seguinte formul\u00e1rio e no menor espa\u00e7o de tempo poss\u00edvel entraremos em contacto consigo!\t\t\t\t\t\t\t\t<\/div>\n\t\t\t\t<\/div>\n\t\t\t\t<div class=\"elementor-element elementor-element-60b5abd elementor-widget__width-inherit eael-contact-form-7-button-align-left eael-contact-form-7-button-custom elementor-widget elementor-widget-eael-contact-form-7\" data-id=\"60b5abd\" data-element_type=\"widget\" data-widget_type=\"eael-contact-form-7.default\">\n\t\t\t\t<div class=\"elementor-widget-container\">\n\t\t\t\t\t<div class=\"eael-contact-form-7-wrapper\">\n                <div class=\"eael-contact-form eael-contact-form-7 eael-contact-form-60b5abd placeholder-show eael-contact-form-align-right\">\n<div class=\"wpcf7 no-js\" id=\"wpcf7-f2960-o1\" lang=\"pt-PT\" dir=\"ltr\" data-wpcf7-id=\"2960\">\n<div class=\"screen-reader-response\"><p role=\"status\" aria-live=\"polite\" aria-atomic=\"true\"><\/p> <ul><\/ul><\/div>\n<form action=\"\/index.php\/wp-json\/wp\/v2\/pages\/2961#wpcf7-f2960-o1\" method=\"post\" class=\"wpcf7-form init\" aria-label=\"Formul\u00e1rio de contacto\" novalidate=\"novalidate\" data-status=\"init\">\n<fieldset class=\"hidden-fields-container\"><input type=\"hidden\" name=\"_wpcf7\" value=\"2960\" \/><input type=\"hidden\" name=\"_wpcf7_version\" value=\"6.1.4\" \/><input type=\"hidden\" name=\"_wpcf7_locale\" value=\"pt_PT\" \/><input type=\"hidden\" name=\"_wpcf7_unit_tag\" value=\"wpcf7-f2960-o1\" \/><input type=\"hidden\" name=\"_wpcf7_container_post\" value=\"0\" \/><input type=\"hidden\" name=\"_wpcf7_posted_data_hash\" value=\"\" \/><input type=\"hidden\" name=\"_wpcf7cf_hidden_group_fields\" value=\"[]\" \/><input type=\"hidden\" name=\"_wpcf7cf_hidden_groups\" value=\"[]\" \/><input type=\"hidden\" name=\"_wpcf7cf_visible_groups\" value=\"[]\" \/><input type=\"hidden\" name=\"_wpcf7cf_repeaters\" value=\"[]\" \/><input type=\"hidden\" name=\"_wpcf7cf_steps\" value=\"{}\" \/><input type=\"hidden\" name=\"_wpcf7cf_options\" value=\"{&quot;form_id&quot;:2960,&quot;conditions&quot;:[],&quot;settings&quot;:{&quot;animation&quot;:&quot;yes&quot;,&quot;animation_intime&quot;:200,&quot;animation_outtime&quot;:200,&quot;conditions_ui&quot;:&quot;normal&quot;,&quot;notice_dismissed&quot;:false}}\" \/><input type=\"hidden\" name=\"_wpcf7_recaptcha_response\" value=\"\" \/>\n<\/fieldset>\n<div style=\"display:flex\">\n\t<div style=\"width:50%; margin-right:20px\">\n\t\t<p><label>Empresa *<\/label><br \/>\n<span class=\"wpcf7-form-control-wrap\" data-name=\"your-empresa\"><input size=\"40\" maxlength=\"400\" class=\"wpcf7-form-control wpcf7-text wpcf7-validates-as-required\" aria-required=\"true\" aria-invalid=\"false\" value=\"\" type=\"text\" name=\"your-empresa\" \/><\/span>\n\t\t<\/p>\n\t<\/div>\n\t<div style=\"width:50%; margin-left:20px\">\n\t\t<p><label>Endere\u00e7o *<\/label><br \/>\n<span class=\"wpcf7-form-control-wrap\" data-name=\"your-endereco\"><input size=\"40\" maxlength=\"400\" class=\"wpcf7-form-control wpcf7-text wpcf7-validates-as-required\" aria-required=\"true\" aria-invalid=\"false\" value=\"\" type=\"text\" name=\"your-endereco\" \/><\/span>\n\t\t<\/p>\n\t<\/div>\n<\/div>\n<div style=\"display:flex\">\n\t<div style=\"width:50%; margin-right:20px\">\n\t\t<p><label>C\u00f3digo Postal *<\/label><br \/>\n<span class=\"wpcf7-form-control-wrap\" data-name=\"your-cod_postal\"><input size=\"40\" maxlength=\"400\" class=\"wpcf7-form-control wpcf7-text wpcf7-validates-as-required\" aria-required=\"true\" aria-invalid=\"false\" value=\"\" type=\"text\" name=\"your-cod_postal\" \/><\/span>\n\t\t<\/p>\n\t<\/div>\n\t<div style=\"width:50%; margin-left:20px\">\n\t\t<p><label>Localidade *<\/label><br \/>\n<span class=\"wpcf7-form-control-wrap\" data-name=\"your-localidade\"><input size=\"40\" maxlength=\"400\" class=\"wpcf7-form-control wpcf7-text wpcf7-validates-as-required\" aria-required=\"true\" aria-invalid=\"false\" value=\"\" type=\"text\" name=\"your-localidade\" \/><\/span>\n\t\t<\/p>\n\t<\/div>\n<\/div>\n<p><label>E-mail *<\/label><br \/>\n<span class=\"wpcf7-form-control-wrap\" data-name=\"your-email\"><input size=\"40\" maxlength=\"400\" class=\"wpcf7-form-control wpcf7-email wpcf7-validates-as-required wpcf7-text wpcf7-validates-as-email\" aria-required=\"true\" aria-invalid=\"false\" value=\"\" type=\"email\" name=\"your-email\" \/><\/span>\n<\/p>\n<div style=\"display:flex\">\n\t<div style=\"width:50%; margin-right:20px\">\n\t\t<p><label>Telem\u00f3vel *<\/label><br \/>\n<span class=\"wpcf7-form-control-wrap\" data-name=\"your-telemovel\"><input size=\"40\" maxlength=\"400\" class=\"wpcf7-form-control wpcf7-text wpcf7-validates-as-required\" aria-required=\"true\" aria-invalid=\"false\" value=\"\" type=\"text\" name=\"your-telemovel\" \/><\/span>\n\t\t<\/p>\n\t<\/div>\n\t<div style=\"width:50%; margin-left:20px\">\n\t\t<p><label>Telefone<\/label><br \/>\n<span class=\"wpcf7-form-control-wrap\" data-name=\"your-telefone\"><input size=\"40\" maxlength=\"400\" class=\"wpcf7-form-control wpcf7-text\" aria-invalid=\"false\" value=\"\" type=\"text\" name=\"your-telefone\" \/><\/span>\n\t\t<\/p>\n\t<\/div>\n<\/div>\n<div style=\"margin-top:30px\">\n\t<p><span class=\"wpcf7-form-control-wrap\" data-name=\"radio-321\"><span class=\"wpcf7-form-control wpcf7-radio\"><span class=\"wpcf7-list-item first\"><label><input type=\"radio\" name=\"radio-321\" value=\"Associado\" checked=\"checked\" \/><span class=\"wpcf7-list-item-label\">Associado<\/span><\/label><\/span><span class=\"wpcf7-list-item last\"><label><input type=\"radio\" name=\"radio-321\" value=\"N\u00e3o associado\" \/><span class=\"wpcf7-list-item-label\">N\u00e3o associado<\/span><\/label><\/span><\/span><\/span>\n\t<\/p>\n<\/div>\n<h3>Descri\u00e7\u00e3o da oferta:\n<\/h3>\n<p><label>Fun\u00e7\u00e3o\/cargo *<\/label><br \/>\n<span class=\"wpcf7-form-control-wrap\" data-name=\"your-funcao\"><input size=\"40\" maxlength=\"400\" class=\"wpcf7-form-control wpcf7-text wpcf7-validates-as-required\" aria-required=\"true\" aria-invalid=\"false\" value=\"\" type=\"text\" name=\"your-funcao\" \/><\/span>\n<\/p>\n<p><label>Perfil pretendido *<\/label><br \/>\n<span class=\"wpcf7-form-control-wrap\" data-name=\"your-perfil\"><textarea cols=\"40\" rows=\"10\" maxlength=\"2000\" class=\"wpcf7-form-control wpcf7-textarea wpcf7-validates-as-required\" aria-required=\"true\" aria-invalid=\"false\" placeholder=\"Habilita\u00e7\u00f5es; forma\u00e7\u00f5es\/certifica\u00e7\u00f5es; n\u00edvel de experi\u00eancia, etc.\" name=\"your-perfil\"><\/textarea><\/span>\n<\/p>\n<p><label>Local de trabalho *<\/label><br \/>\n<span class=\"wpcf7-form-control-wrap\" data-name=\"your-local-trabalho\"><input size=\"40\" maxlength=\"400\" class=\"wpcf7-form-control wpcf7-text wpcf7-validates-as-required\" aria-required=\"true\" aria-invalid=\"false\" value=\"\" type=\"text\" name=\"your-local-trabalho\" \/><\/span>\n<\/p>\n<h3>Contactos para envio de candidaturas :\n<\/h3>\n<p><label>E-mail *<\/label><br \/>\n<span class=\"wpcf7-form-control-wrap\" data-name=\"your-email-contacto\"><input size=\"40\" maxlength=\"400\" class=\"wpcf7-form-control wpcf7-email wpcf7-validates-as-required wpcf7-text wpcf7-validates-as-email\" aria-required=\"true\" aria-invalid=\"false\" value=\"\" type=\"email\" name=\"your-email-contacto\" \/><\/span>\n<\/p>\n<p><label>Telefone<\/label><br \/>\n<span class=\"wpcf7-form-control-wrap\" data-name=\"your-telefone-contacto\"><input size=\"40\" maxlength=\"400\" class=\"wpcf7-form-control wpcf7-text\" aria-invalid=\"false\" value=\"\" type=\"text\" name=\"your-telefone-contacto\" \/><\/span>\n<\/p>\n<span class=\"wpcf7-form-control-wrap recaptcha\" data-name=\"recaptcha\"><span data-sitekey=\"6LdFxCshAAAAAOiiNAJVLxnNX2f4Bgaxj4qA3SYc\" class=\"wpcf7-form-control wpcf7-recaptcha g-recaptcha\"><\/span>\r\n<noscript>\r\n\t<div class=\"grecaptcha-noscript\">\r\n\t\t<iframe src=\"https:\/\/www.google.com\/recaptcha\/api\/fallback?k=6LdFxCshAAAAAOiiNAJVLxnNX2f4Bgaxj4qA3SYc\" frameborder=\"0\" scrolling=\"no\" width=\"310\" height=\"430\">\r\n\t\t<\/iframe>\r\n\t\t<textarea name=\"g-recaptcha-response\" rows=\"3\" cols=\"40\" placeholder=\"reCaptcha Response Here\">\r\n\t\t<\/textarea>\r\n\t<\/div>\r\n<\/noscript>\r\n<\/span>\n<p><input class=\"wpcf7-form-control wpcf7-submit has-spinner\" type=\"submit\" value=\"Submeter\" \/>\n<\/p><div class=\"wpcf7-response-output\" aria-hidden=\"true\"><\/div>\n<\/form>\n<\/div>\n<\/div>\n            <\/div>\t\t\t\t<\/div>\n\t\t\t\t<\/div>\n\t\t\t\t\t<\/div>\n\t\t<\/div>\n\t\t\t\t\t<\/div>\n\t\t<\/section>\n\t\t\t\t<\/div>\n\t\t","protected":false},"excerpt":{"rendered":"<p>Submiss\u00e3o de Ofertas de Emprego \u2013 Empresas Para saber como se tornar Associado envie-nos o seguinte formul\u00e1rio e no menor espa\u00e7o de tempo poss\u00edvel entraremos em contacto consigo! Empresa * Endere\u00e7o * C\u00f3digo Postal * Localidade * E-mail* Telem\u00f3vel Telefone AssociadoN\u00e3o associado Descri\u00e7\u00e3o da oferta: Fun\u00e7\u00e3o\/cargo Fun\u00e7\u00e3o\/cargo Local de trabalho Contactos para envio de candidaturas [&hellip;]<\/p>\n","protected":false},"author":1,"featured_media":0,"parent":0,"menu_order":0,"comment_status":"closed","ping_status":"closed","template":"","meta":{"footnotes":""},"class_list":["post-2961","page","type-page","status-publish","hentry"],"yoast_head":"<!-- This site is optimized with the Yoast SEO plugin v26.1.1 - https:\/\/yoast.com\/wordpress\/plugins\/seo\/ -->\n<title>Submiss\u00e3o de Ofertas de Emprego \u2013 Empresas - ACIB - Associa\u00e7\u00e3o Comercial e Industrial da Bairrada<\/title>\n<meta name=\"robots\" content=\"index, follow, max-snippet:-1, max-image-preview:large, max-video-preview:-1\" \/>\n<link rel=\"canonical\" href=\"https:\/\/www.acib.pt\/index.php\/submissao-de-ofertas-de-emprego-empresas\/\" \/>\n<meta property=\"og:locale\" content=\"pt_PT\" \/>\n<meta property=\"og:type\" content=\"article\" \/>\n<meta property=\"og:title\" content=\"Submiss\u00e3o de Ofertas de Emprego \u2013 Empresas - ACIB - Associa\u00e7\u00e3o Comercial e Industrial da Bairrada\" \/>\n<meta property=\"og:description\" content=\"Submiss\u00e3o de Ofertas de Emprego \u2013 Empresas Para saber como se tornar Associado envie-nos o seguinte formul\u00e1rio e no menor espa\u00e7o de tempo poss\u00edvel entraremos em contacto consigo! Empresa * Endere\u00e7o * C\u00f3digo Postal * Localidade * E-mail* Telem\u00f3vel Telefone AssociadoN\u00e3o associado Descri\u00e7\u00e3o da oferta: Fun\u00e7\u00e3o\/cargo Fun\u00e7\u00e3o\/cargo Local de trabalho Contactos para envio de candidaturas [&hellip;]\" \/>\n<meta property=\"og:url\" content=\"https:\/\/www.acib.pt\/index.php\/submissao-de-ofertas-de-emprego-empresas\/\" \/>\n<meta property=\"og:site_name\" content=\"ACIB - Associa\u00e7\u00e3o Comercial e Industrial da Bairrada\" \/>\n<meta property=\"article:modified_time\" content=\"2022-07-06T15:37:16+00:00\" \/>\n<meta name=\"twitter:card\" content=\"summary_large_image\" \/>\n<script type=\"application\/ld+json\" class=\"yoast-schema-graph\">{\"@context\":\"https:\/\/schema.org\",\"@graph\":[{\"@type\":\"WebPage\",\"@id\":\"https:\/\/www.acib.pt\/index.php\/submissao-de-ofertas-de-emprego-empresas\/\",\"url\":\"https:\/\/www.acib.pt\/index.php\/submissao-de-ofertas-de-emprego-empresas\/\",\"name\":\"Submiss\u00e3o de Ofertas de Emprego \u2013 Empresas - ACIB - Associa\u00e7\u00e3o Comercial e Industrial da Bairrada\",\"isPartOf\":{\"@id\":\"https:\/\/www.acib.pt\/#website\"},\"datePublished\":\"2022-07-06T15:19:45+00:00\",\"dateModified\":\"2022-07-06T15:37:16+00:00\",\"breadcrumb\":{\"@id\":\"https:\/\/www.acib.pt\/index.php\/submissao-de-ofertas-de-emprego-empresas\/#breadcrumb\"},\"inLanguage\":\"pt-PT\",\"potentialAction\":[{\"@type\":\"ReadAction\",\"target\":[\"https:\/\/www.acib.pt\/index.php\/submissao-de-ofertas-de-emprego-empresas\/\"]}]},{\"@type\":\"BreadcrumbList\",\"@id\":\"https:\/\/www.acib.pt\/index.php\/submissao-de-ofertas-de-emprego-empresas\/#breadcrumb\",\"itemListElement\":[{\"@type\":\"ListItem\",\"position\":1,\"name\":\"In\u00edcio\",\"item\":\"https:\/\/www.acib.pt\/\"},{\"@type\":\"ListItem\",\"position\":2,\"name\":\"Submiss\u00e3o de Ofertas de Emprego \u2013 Empresas\"}]},{\"@type\":\"WebSite\",\"@id\":\"https:\/\/www.acib.pt\/#website\",\"url\":\"https:\/\/www.acib.pt\/\",\"name\":\"ACIB - Associa\u00e7\u00e3o Comercial e Industrial da Bairrada\",\"description\":\"\",\"publisher\":{\"@id\":\"https:\/\/www.acib.pt\/#organization\"},\"potentialAction\":[{\"@type\":\"SearchAction\",\"target\":{\"@type\":\"EntryPoint\",\"urlTemplate\":\"https:\/\/www.acib.pt\/?s={search_term_string}\"},\"query-input\":{\"@type\":\"PropertyValueSpecification\",\"valueRequired\":true,\"valueName\":\"search_term_string\"}}],\"inLanguage\":\"pt-PT\"},{\"@type\":\"Organization\",\"@id\":\"https:\/\/www.acib.pt\/#organization\",\"name\":\"ACIB - Associa\u00e7\u00e3o Comercial e Industrial da Bairrada\",\"url\":\"https:\/\/www.acib.pt\/\",\"logo\":{\"@type\":\"ImageObject\",\"inLanguage\":\"pt-PT\",\"@id\":\"https:\/\/www.acib.pt\/#\/schema\/logo\/image\/\",\"url\":\"https:\/\/www.acib.pt\/wp-content\/uploads\/2022\/05\/logo-header.png\",\"contentUrl\":\"https:\/\/www.acib.pt\/wp-content\/uploads\/2022\/05\/logo-header.png\",\"width\":566,\"height\":800,\"caption\":\"ACIB - Associa\u00e7\u00e3o Comercial e Industrial da Bairrada\"},\"image\":{\"@id\":\"https:\/\/www.acib.pt\/#\/schema\/logo\/image\/\"}}]}<\/script>\n<!-- \/ Yoast SEO plugin. -->","yoast_head_json":{"title":"Submiss\u00e3o de Ofertas de Emprego \u2013 Empresas - ACIB - Associa\u00e7\u00e3o Comercial e Industrial da Bairrada","robots":{"index":"index","follow":"follow","max-snippet":"max-snippet:-1","max-image-preview":"max-image-preview:large","max-video-preview":"max-video-preview:-1"},"canonical":"https:\/\/www.acib.pt\/index.php\/submissao-de-ofertas-de-emprego-empresas\/","og_locale":"pt_PT","og_type":"article","og_title":"Submiss\u00e3o de Ofertas de Emprego \u2013 Empresas - ACIB - Associa\u00e7\u00e3o Comercial e Industrial da Bairrada","og_description":"Submiss\u00e3o de Ofertas de Emprego \u2013 Empresas Para saber como se tornar Associado envie-nos o seguinte formul\u00e1rio e no menor espa\u00e7o de tempo poss\u00edvel entraremos em contacto consigo! Empresa * Endere\u00e7o * C\u00f3digo Postal * Localidade * E-mail* Telem\u00f3vel Telefone AssociadoN\u00e3o associado Descri\u00e7\u00e3o da oferta: Fun\u00e7\u00e3o\/cargo Fun\u00e7\u00e3o\/cargo Local de trabalho Contactos para envio de candidaturas [&hellip;]","og_url":"https:\/\/www.acib.pt\/index.php\/submissao-de-ofertas-de-emprego-empresas\/","og_site_name":"ACIB - Associa\u00e7\u00e3o Comercial e Industrial da Bairrada","article_modified_time":"2022-07-06T15:37:16+00:00","twitter_card":"summary_large_image","schema":{"@context":"https:\/\/schema.org","@graph":[{"@type":"WebPage","@id":"https:\/\/www.acib.pt\/index.php\/submissao-de-ofertas-de-emprego-empresas\/","url":"https:\/\/www.acib.pt\/index.php\/submissao-de-ofertas-de-emprego-empresas\/","name":"Submiss\u00e3o de Ofertas de Emprego \u2013 Empresas - ACIB - Associa\u00e7\u00e3o Comercial e Industrial da Bairrada","isPartOf":{"@id":"https:\/\/www.acib.pt\/#website"},"datePublished":"2022-07-06T15:19:45+00:00","dateModified":"2022-07-06T15:37:16+00:00","breadcrumb":{"@id":"https:\/\/www.acib.pt\/index.php\/submissao-de-ofertas-de-emprego-empresas\/#breadcrumb"},"inLanguage":"pt-PT","potentialAction":[{"@type":"ReadAction","target":["https:\/\/www.acib.pt\/index.php\/submissao-de-ofertas-de-emprego-empresas\/"]}]},{"@type":"BreadcrumbList","@id":"https:\/\/www.acib.pt\/index.php\/submissao-de-ofertas-de-emprego-empresas\/#breadcrumb","itemListElement":[{"@type":"ListItem","position":1,"name":"In\u00edcio","item":"https:\/\/www.acib.pt\/"},{"@type":"ListItem","position":2,"name":"Submiss\u00e3o de Ofertas de Emprego \u2013 Empresas"}]},{"@type":"WebSite","@id":"https:\/\/www.acib.pt\/#website","url":"https:\/\/www.acib.pt\/","name":"ACIB - Associa\u00e7\u00e3o Comercial e Industrial da Bairrada","description":"","publisher":{"@id":"https:\/\/www.acib.pt\/#organization"},"potentialAction":[{"@type":"SearchAction","target":{"@type":"EntryPoint","urlTemplate":"https:\/\/www.acib.pt\/?s={search_term_string}"},"query-input":{"@type":"PropertyValueSpecification","valueRequired":true,"valueName":"search_term_string"}}],"inLanguage":"pt-PT"},{"@type":"Organization","@id":"https:\/\/www.acib.pt\/#organization","name":"ACIB - Associa\u00e7\u00e3o Comercial e Industrial da Bairrada","url":"https:\/\/www.acib.pt\/","logo":{"@type":"ImageObject","inLanguage":"pt-PT","@id":"https:\/\/www.acib.pt\/#\/schema\/logo\/image\/","url":"https:\/\/www.acib.pt\/wp-content\/uploads\/2022\/05\/logo-header.png","contentUrl":"https:\/\/www.acib.pt\/wp-content\/uploads\/2022\/05\/logo-header.png","width":566,"height":800,"caption":"ACIB - Associa\u00e7\u00e3o Comercial e Industrial da Bairrada"},"image":{"@id":"https:\/\/www.acib.pt\/#\/schema\/logo\/image\/"}}]}},"_links":{"self":[{"href":"https:\/\/www.acib.pt\/index.php\/wp-json\/wp\/v2\/pages\/2961","targetHints":{"allow":["GET"]}}],"collection":[{"href":"https:\/\/www.acib.pt\/index.php\/wp-json\/wp\/v2\/pages"}],"about":[{"href":"https:\/\/www.acib.pt\/index.php\/wp-json\/wp\/v2\/types\/page"}],"author":[{"embeddable":true,"href":"https:\/\/www.acib.pt\/index.php\/wp-json\/wp\/v2\/users\/1"}],"replies":[{"embeddable":true,"href":"https:\/\/www.acib.pt\/index.php\/wp-json\/wp\/v2\/comments?post=2961"}],"version-history":[{"count":9,"href":"https:\/\/www.acib.pt\/index.php\/wp-json\/wp\/v2\/pages\/2961\/revisions"}],"predecessor-version":[{"id":2979,"href":"https:\/\/www.acib.pt\/index.php\/wp-json\/wp\/v2\/pages\/2961\/revisions\/2979"}],"wp:attachment":[{"href":"https:\/\/www.acib.pt\/index.php\/wp-json\/wp\/v2\/media?parent=2961"}],"curies":[{"name":"wp","href":"https:\/\/api.w.org\/{rel}","templated":true}]}}