{"id":3817,"date":"2022-08-03T11:27:43","date_gmt":"2022-08-03T11:27:43","guid":{"rendered":"https:\/\/www.acib.pt\/?page_id=3817"},"modified":"2022-09-05T10:35:28","modified_gmt":"2022-09-05T10:35:28","slug":"mkt-venda","status":"publish","type":"page","link":"https:\/\/www.acib.pt\/index.php\/mkt-venda\/","title":{"rendered":"Comercial, Vendas e Marketing"},"content":{"rendered":"\t\t<div data-elementor-type=\"wp-page\" data-elementor-id=\"3817\" class=\"elementor elementor-3817\">\n\t\t\t\t\t\t<section class=\"elementor-section elementor-top-section elementor-element elementor-element-d800458 elementor-section-boxed elementor-section-height-default elementor-section-height-default\" data-id=\"d800458\" data-element_type=\"section\">\n\t\t\t\t\t\t<div class=\"elementor-container elementor-column-gap-default\">\n\t\t\t\t\t<div class=\"elementor-column elementor-col-100 elementor-top-column elementor-element elementor-element-40a8ba4\" data-id=\"40a8ba4\" data-element_type=\"column\">\n\t\t\t<div class=\"elementor-widget-wrap elementor-element-populated\">\n\t\t\t\t\t\t<div class=\"elementor-element elementor-element-1864f70 elementor-widget elementor-widget-slider_revolution\" data-id=\"1864f70\" data-element_type=\"widget\" data-widget_type=\"slider_revolution.default\">\n\t\t\t\t<div class=\"elementor-widget-container\">\n\t\t\t\t\t\r\n\t\t<div class=\"wp-block-themepunch-revslider\">\n\t\t\t<!-- START \u00c1reas de Forma\u00e7\u00e3o REVOLUTION SLIDER 6.3.9 --><p class=\"rs-p-wp-fix\"><\/p>\n\t\t\t<rs-module-wrap id=\"rev_slider_8_1_wrapper\" data-source=\"gallery\" style=\"background:transparent;padding:0;margin:0px auto;margin-top:0;margin-bottom:0;\">\n\t\t\t\t<rs-module id=\"rev_slider_8_1\" style=\"\" data-version=\"6.3.9\">\n\t\t\t\t\t<rs-slides>\n\t\t\t\t\t\t<rs-slide data-key=\"rs-12\" data-title=\"Slide\" data-anim=\"ei:d;eo:d;s:1000;r:0;t:fade;sl:0;\">\n\t\t\t\t\t\t\t<img fetchpriority=\"high\" decoding=\"async\" src=\"\/\/www.acib.pt\/wp-content\/uploads\/2022\/08\/ACIB_Banner_FORMACAO_1920x540px-1.jpg\" title=\"ACIB_Banner_FORMACAO_1920x540px\" width=\"1920\" height=\"540\" class=\"rev-slidebg\" data-no-retina>\n<!--\n\t\t\t\t\t\t\t--><rs-group\n\t\t\t\t\t\t\t\tid=\"slider-8-slide-12-layer-7\" \n\t\t\t\t\t\t\t\tdata-type=\"group\"\n\t\t\t\t\t\t\t\tdata-rsp_ch=\"on\"\n\t\t\t\t\t\t\t\tdata-xy=\"xo:581px,479px,363px,223px;yo:947px,782px,594px,366px;\"\n\t\t\t\t\t\t\t\tdata-text=\"w:normal;s:20,16,12,7;l:0,20,15,9;\"\n\t\t\t\t\t\t\t\tdata-dim=\"w:78px,64px,48px,29px;h:86px,71px,53px,32px;\"\n\t\t\t\t\t\t\t\tdata-frame_0=\"o:1;\"\n\t\t\t\t\t\t\t\tdata-frame_999=\"o:0;st:w;sA:9000;\"\n\t\t\t\t\t\t\t\tstyle=\"z-index:12;\"\n\t\t\t\t\t\t\t><!--\t\t\t\t\t\t\t--><\/rs-group><!--\n\n\t\t\t\t\t\t\t--><rs-layer\n\t\t\t\t\t\t\t\tid=\"slider-8-slide-12-layer-0\" \n\t\t\t\t\t\t\t\tdata-type=\"text\"\n\t\t\t\t\t\t\t\tdata-rsp_ch=\"on\"\n\t\t\t\t\t\t\t\tdata-xy=\"x:c;y:m;\"\n\t\t\t\t\t\t\t\tdata-text=\"w:normal;s:70,67,53,36;l:87,81,63,42;a:center;\"\n\t\t\t\t\t\t\t\tdata-frame_999=\"o:0;st:w;\"\n\t\t\t\t\t\t\t\tstyle=\"z-index:9;font-family:Montserrat;text-transform:uppercase;\"\n\t\t\t\t\t\t\t>\u00c1reas de Forma\u00e7\u00e3o \n\t\t\t\t\t\t\t<\/rs-layer><!--\n\n\t\t\t\t\t\t\t--><rs-layer\n\t\t\t\t\t\t\t\tid=\"slider-8-slide-12-layer-1\" \n\t\t\t\t\t\t\t\tdata-type=\"shape\"\n\t\t\t\t\t\t\t\tdata-rsp_ch=\"on\"\n\t\t\t\t\t\t\t\tdata-xy=\"x:c;y:m;\"\n\t\t\t\t\t\t\t\tdata-text=\"w:normal;s:20,16,12,7;l:0,20,15,9;\"\n\t\t\t\t\t\t\t\tdata-dim=\"w:100%;h:100%;\"\n\t\t\t\t\t\t\t\tdata-vbility=\"f,f,f,f\"\n\t\t\t\t\t\t\t\tdata-basealign=\"slide\"\n\t\t\t\t\t\t\t\tdata-frame_999=\"o:0;st:w;\"\n\t\t\t\t\t\t\t\tstyle=\"z-index:8;background-color:rgba(0,0,0,0.3);\"\n\t\t\t\t\t\t\t> \n\t\t\t\t\t\t\t<\/rs-layer><!--\n\n\t\t\t\t\t\t\t--><rs-layer\n\t\t\t\t\t\t\t\tid=\"slider-8-slide-12-layer-2\" \n\t\t\t\t\t\t\t\tdata-type=\"object\"\n\t\t\t\t\t\t\t\tdata-rsp_ch=\"on\"\n\t\t\t\t\t\t\t\tdata-xy=\"xo:50px,41px,31px,19px;yo:67px,55px,41px,25px;\"\n\t\t\t\t\t\t\t\tdata-text=\"w:normal;s:20,16,12,7;l:0,20,15,9;\"\n\t\t\t\t\t\t\t\tdata-frame_999=\"o:0;st:w;\"\n\t\t\t\t\t\t\t\tstyle=\"z-index:10;font-family:Roboto;\"\n\t\t\t\t\t\t\t> \n\t\t\t\t\t\t\t<\/rs-layer><!--\n-->\t\t\t\t\t\t<\/rs-slide>\n\t\t\t\t\t<\/rs-slides>\n\t\t\t\t<\/rs-module>\n\t\t\t\t<script type=\"text\/javascript\">\n\t\t\t\t\tsetREVStartSize({c: 'rev_slider_8_1',rl:[1240,1024,778,480],el:[540,768,960,720],gw:[1240,1024,778,480],gh:[540,540,540,540],type:'standard',justify:'',layout:'fullwidth',mh:\"0\"});\n\t\t\t\t\tvar\trevapi8,\n\t\t\t\t\t\ttpj;\n\t\t\t\t\tfunction revinit_revslider81() {\n\t\t\t\t\tjQuery(function() {\n\t\t\t\t\t\ttpj = jQuery;\n\t\t\t\t\t\trevapi8 = tpj(\"#rev_slider_8_1\");\n\t\t\t\t\t\tif(revapi8==undefined || revapi8.revolution == undefined){\n\t\t\t\t\t\t\trevslider_showDoubleJqueryError(\"rev_slider_8_1\");\n\t\t\t\t\t\t}else{\n\t\t\t\t\t\t\trevapi8.revolution({\n\t\t\t\t\t\t\t\tsliderLayout:\"fullwidth\",\n\t\t\t\t\t\t\t\tvisibilityLevels:\"1240,1024,778,480\",\n\t\t\t\t\t\t\t\tgridwidth:\"1240,1024,778,480\",\n\t\t\t\t\t\t\t\tgridheight:\"540,540,540,540\",\n\t\t\t\t\t\t\t\tperspective:600,\n\t\t\t\t\t\t\t\tperspectiveType:\"global\",\n\t\t\t\t\t\t\t\teditorheight:\"540,768,960,720\",\n\t\t\t\t\t\t\t\tresponsiveLevels:\"1240,1024,778,480\",\n\t\t\t\t\t\t\t\tprogressBar:{disableProgressBar:true},\n\t\t\t\t\t\t\t\tnavigation: {\n\t\t\t\t\t\t\t\t\tonHoverStop:false\n\t\t\t\t\t\t\t\t},\n\t\t\t\t\t\t\t\tfallbacks: {\n\t\t\t\t\t\t\t\t\tallowHTML5AutoPlayOnAndroid:true\n\t\t\t\t\t\t\t\t},\n\t\t\t\t\t\t\t});\n\t\t\t\t\t\t}\n\t\t\t\t\t\t\n\t\t\t\t\t});\n\t\t\t\t\t} \/\/ End of RevInitScript\n\t\t\t\tvar once_revslider81 = false;\n\t\t\t\tif (document.readyState === \"loading\") {document.addEventListener('readystatechange',function() { if((document.readyState === \"interactive\" || document.readyState === \"complete\") && !once_revslider81 ) { once_revslider81 = true; revinit_revslider81();}});} else {once_revslider81 = true; revinit_revslider81();}\n\t\t\t\t<\/script>\n\t\t\t<\/rs-module-wrap>\n\t\t\t<!-- END REVOLUTION SLIDER -->\n<\/div>\r\n\r\n\t\t\t\t\t\t<\/div>\n\t\t\t\t<\/div>\n\t\t\t\t\t<\/div>\n\t\t<\/div>\n\t\t\t\t\t<\/div>\n\t\t<\/section>\n\t\t\t\t<section class=\"elementor-section elementor-top-section elementor-element elementor-element-8013181 elementor-section-boxed elementor-section-height-default elementor-section-height-default\" data-id=\"8013181\" data-element_type=\"section\">\n\t\t\t\t\t\t<div class=\"elementor-container elementor-column-gap-extended\">\n\t\t\t\t\t<div class=\"elementor-column elementor-col-100 elementor-top-column elementor-element elementor-element-75006fd\" data-id=\"75006fd\" data-element_type=\"column\">\n\t\t\t<div class=\"elementor-widget-wrap elementor-element-populated\">\n\t\t\t\t\t\t<div class=\"elementor-element elementor-element-09a242c elementor-widget elementor-widget-heading\" data-id=\"09a242c\" data-element_type=\"widget\" data-widget_type=\"heading.default\">\n\t\t\t\t<div class=\"elementor-widget-container\">\n\t\t\t\t\t<h3 class=\"elementor-heading-title elementor-size-default\">Comercial, Vendas e Marketing<\/h3>\t\t\t\t<\/div>\n\t\t\t\t<\/div>\n\t\t\t\t<div class=\"elementor-element elementor-element-7a07b2a elementor-widget-divider--view-line elementor-widget elementor-widget-divider\" data-id=\"7a07b2a\" data-element_type=\"widget\" data-widget_type=\"divider.default\">\n\t\t\t\t<div class=\"elementor-widget-container\">\n\t\t\t\t\t\t\t<div class=\"elementor-divider\">\n\t\t\t<span class=\"elementor-divider-separator\">\n\t\t\t\t\t\t<\/span>\n\t\t<\/div>\n\t\t\t\t\t\t<\/div>\n\t\t\t\t<\/div>\n\t\t\t\t<div class=\"elementor-element elementor-element-71ca226 paragraph-text elementor-widget elementor-widget-text-editor\" data-id=\"71ca226\" data-element_type=\"widget\" data-widget_type=\"text-editor.default\">\n\t\t\t\t<div class=\"elementor-widget-container\">\n\t\t\t\t\t\t\t\t\t<p><strong>Veja aqui as mais recentes forma\u00e7\u00f5es.<\/strong><\/p>\t\t\t\t\t\t\t\t<\/div>\n\t\t\t\t<\/div>\n\t\t\t\t<div class=\"elementor-element elementor-element-b33ebda premium-blog-align-left elementor-widget elementor-widget-premium-addon-blog\" data-id=\"b33ebda\" data-element_type=\"widget\" data-settings=\"{&quot;premium_blog_infinite_scroll&quot;:&quot;yes&quot;}\" data-widget_type=\"premium-addon-blog.default\">\n\t\t\t\t<div class=\"elementor-widget-container\">\n\t\t\t\t\t\t\t<div class=\"premium-error-notice\">\r\n\t\t\tThe current query has no posts. Please make sure you have published items matching your query.\t\t<\/div>\r\n\t\t\t\t\t\t<\/div>\n\t\t\t\t<\/div>\n\t\t\t\t\t<\/div>\n\t\t<\/div>\n\t\t\t\t\t<\/div>\n\t\t<\/section>\n\t\t\t\t<\/div>\n\t\t","protected":false},"excerpt":{"rendered":"<p>Comercial, Vendas e Marketing Veja aqui as mais recentes forma\u00e7\u00f5es. Atendimento: T\u00e9cnicas de Comunica\u00e7\u00e3o \u2022 03.08.2022 Atendimento: T\u00e9cnicas de Comunica\u00e7\u00e3o &nbsp;28\/09 a 26\/10, Forma\u00e7\u00e3o Financiada, Presencial Publicidade nas Redes Sociais \u2022 03.08.2022 Publicidade nas Redes Sociais &nbsp;18\/10 a 15\/11, Forma\u00e7\u00e3o Financiada, Online Ingl\u00eas: Marketing na Venda \u2022 03.08.2022 Ingl\u00eas: Marketing na Venda &nbsp;novembro, Forma\u00e7\u00e3o Financiada, [&hellip;]<\/p>\n","protected":false},"author":1,"featured_media":0,"parent":0,"menu_order":0,"comment_status":"closed","ping_status":"closed","template":"","meta":{"footnotes":""},"class_list":["post-3817","page","type-page","status-publish","hentry"],"yoast_head":"<!-- This site is optimized with the Yoast SEO plugin v26.1.1 - https:\/\/yoast.com\/wordpress\/plugins\/seo\/ -->\n<title>Comercial, Vendas e Marketing - ACIB - Associa\u00e7\u00e3o Comercial e Industrial da Bairrada<\/title>\n<meta name=\"robots\" content=\"index, follow, max-snippet:-1, max-image-preview:large, max-video-preview:-1\" \/>\n<link rel=\"canonical\" href=\"https:\/\/www.acib.pt\/index.php\/mkt-venda\/\" \/>\n<meta property=\"og:locale\" content=\"pt_PT\" \/>\n<meta property=\"og:type\" content=\"article\" \/>\n<meta property=\"og:title\" content=\"Comercial, Vendas e Marketing - ACIB - Associa\u00e7\u00e3o Comercial e Industrial da Bairrada\" \/>\n<meta property=\"og:description\" content=\"Comercial, Vendas e Marketing Veja aqui as mais recentes forma\u00e7\u00f5es. Atendimento: T\u00e9cnicas de Comunica\u00e7\u00e3o \u2022 03.08.2022 Atendimento: T\u00e9cnicas de Comunica\u00e7\u00e3o &nbsp;28\/09 a 26\/10, Forma\u00e7\u00e3o Financiada, Presencial Publicidade nas Redes Sociais \u2022 03.08.2022 Publicidade nas Redes Sociais &nbsp;18\/10 a 15\/11, Forma\u00e7\u00e3o Financiada, Online Ingl\u00eas: Marketing na Venda \u2022 03.08.2022 Ingl\u00eas: Marketing na Venda &nbsp;novembro, Forma\u00e7\u00e3o Financiada, [&hellip;]\" \/>\n<meta property=\"og:url\" content=\"https:\/\/www.acib.pt\/index.php\/mkt-venda\/\" \/>\n<meta property=\"og:site_name\" content=\"ACIB - Associa\u00e7\u00e3o Comercial e Industrial da Bairrada\" \/>\n<meta property=\"article:modified_time\" content=\"2022-09-05T10:35:28+00:00\" \/>\n<meta property=\"og:image\" content=\"https:\/\/www.acib.pt\/wp-content\/uploads\/2022\/08\/ACIB_FORMACOES_Atendimento_1920x1080px.jpg\" \/>\n<meta name=\"twitter:card\" content=\"summary_large_image\" \/>\n<meta name=\"twitter:label1\" content=\"Tempo estimado de leitura\" \/>\n\t<meta name=\"twitter:data1\" content=\"1 minuto\" \/>\n<script type=\"application\/ld+json\" class=\"yoast-schema-graph\">{\"@context\":\"https:\/\/schema.org\",\"@graph\":[{\"@type\":\"WebPage\",\"@id\":\"https:\/\/www.acib.pt\/index.php\/mkt-venda\/\",\"url\":\"https:\/\/www.acib.pt\/index.php\/mkt-venda\/\",\"name\":\"Comercial, Vendas e Marketing - ACIB - Associa\u00e7\u00e3o Comercial e Industrial da Bairrada\",\"isPartOf\":{\"@id\":\"https:\/\/www.acib.pt\/#website\"},\"primaryImageOfPage\":{\"@id\":\"https:\/\/www.acib.pt\/index.php\/mkt-venda\/#primaryimage\"},\"image\":{\"@id\":\"https:\/\/www.acib.pt\/index.php\/mkt-venda\/#primaryimage\"},\"thumbnailUrl\":\"https:\/\/www.acib.pt\/wp-content\/uploads\/2022\/08\/ACIB_FORMACOES_Atendimento_1920x1080px.jpg\",\"datePublished\":\"2022-08-03T11:27:43+00:00\",\"dateModified\":\"2022-09-05T10:35:28+00:00\",\"breadcrumb\":{\"@id\":\"https:\/\/www.acib.pt\/index.php\/mkt-venda\/#breadcrumb\"},\"inLanguage\":\"pt-PT\",\"potentialAction\":[{\"@type\":\"ReadAction\",\"target\":[\"https:\/\/www.acib.pt\/index.php\/mkt-venda\/\"]}]},{\"@type\":\"ImageObject\",\"inLanguage\":\"pt-PT\",\"@id\":\"https:\/\/www.acib.pt\/index.php\/mkt-venda\/#primaryimage\",\"url\":\"https:\/\/www.acib.pt\/wp-content\/uploads\/2022\/08\/ACIB_FORMACOES_Atendimento_1920x1080px.jpg\",\"contentUrl\":\"https:\/\/www.acib.pt\/wp-content\/uploads\/2022\/08\/ACIB_FORMACOES_Atendimento_1920x1080px.jpg\",\"width\":1920,\"height\":1080},{\"@type\":\"BreadcrumbList\",\"@id\":\"https:\/\/www.acib.pt\/index.php\/mkt-venda\/#breadcrumb\",\"itemListElement\":[{\"@type\":\"ListItem\",\"position\":1,\"name\":\"In\u00edcio\",\"item\":\"https:\/\/www.acib.pt\/\"},{\"@type\":\"ListItem\",\"position\":2,\"name\":\"Comercial, Vendas e Marketing\"}]},{\"@type\":\"WebSite\",\"@id\":\"https:\/\/www.acib.pt\/#website\",\"url\":\"https:\/\/www.acib.pt\/\",\"name\":\"ACIB - Associa\u00e7\u00e3o Comercial e Industrial da Bairrada\",\"description\":\"\",\"publisher\":{\"@id\":\"https:\/\/www.acib.pt\/#organization\"},\"potentialAction\":[{\"@type\":\"SearchAction\",\"target\":{\"@type\":\"EntryPoint\",\"urlTemplate\":\"https:\/\/www.acib.pt\/?s={search_term_string}\"},\"query-input\":{\"@type\":\"PropertyValueSpecification\",\"valueRequired\":true,\"valueName\":\"search_term_string\"}}],\"inLanguage\":\"pt-PT\"},{\"@type\":\"Organization\",\"@id\":\"https:\/\/www.acib.pt\/#organization\",\"name\":\"ACIB - Associa\u00e7\u00e3o Comercial e Industrial da Bairrada\",\"url\":\"https:\/\/www.acib.pt\/\",\"logo\":{\"@type\":\"ImageObject\",\"inLanguage\":\"pt-PT\",\"@id\":\"https:\/\/www.acib.pt\/#\/schema\/logo\/image\/\",\"url\":\"https:\/\/www.acib.pt\/wp-content\/uploads\/2022\/05\/logo-header.png\",\"contentUrl\":\"https:\/\/www.acib.pt\/wp-content\/uploads\/2022\/05\/logo-header.png\",\"width\":566,\"height\":800,\"caption\":\"ACIB - Associa\u00e7\u00e3o Comercial e Industrial da Bairrada\"},\"image\":{\"@id\":\"https:\/\/www.acib.pt\/#\/schema\/logo\/image\/\"}}]}<\/script>\n<!-- \/ Yoast SEO plugin. -->","yoast_head_json":{"title":"Comercial, Vendas e Marketing - ACIB - Associa\u00e7\u00e3o Comercial e Industrial da Bairrada","robots":{"index":"index","follow":"follow","max-snippet":"max-snippet:-1","max-image-preview":"max-image-preview:large","max-video-preview":"max-video-preview:-1"},"canonical":"https:\/\/www.acib.pt\/index.php\/mkt-venda\/","og_locale":"pt_PT","og_type":"article","og_title":"Comercial, Vendas e Marketing - ACIB - Associa\u00e7\u00e3o Comercial e Industrial da Bairrada","og_description":"Comercial, Vendas e Marketing Veja aqui as mais recentes forma\u00e7\u00f5es. Atendimento: T\u00e9cnicas de Comunica\u00e7\u00e3o \u2022 03.08.2022 Atendimento: T\u00e9cnicas de Comunica\u00e7\u00e3o &nbsp;28\/09 a 26\/10, Forma\u00e7\u00e3o Financiada, Presencial Publicidade nas Redes Sociais \u2022 03.08.2022 Publicidade nas Redes Sociais &nbsp;18\/10 a 15\/11, Forma\u00e7\u00e3o Financiada, Online Ingl\u00eas: Marketing na Venda \u2022 03.08.2022 Ingl\u00eas: Marketing na Venda &nbsp;novembro, Forma\u00e7\u00e3o Financiada, [&hellip;]","og_url":"https:\/\/www.acib.pt\/index.php\/mkt-venda\/","og_site_name":"ACIB - Associa\u00e7\u00e3o Comercial e Industrial da Bairrada","article_modified_time":"2022-09-05T10:35:28+00:00","og_image":[{"url":"https:\/\/www.acib.pt\/wp-content\/uploads\/2022\/08\/ACIB_FORMACOES_Atendimento_1920x1080px.jpg","type":"","width":"","height":""}],"twitter_card":"summary_large_image","twitter_misc":{"Tempo estimado de leitura":"1 minuto"},"schema":{"@context":"https:\/\/schema.org","@graph":[{"@type":"WebPage","@id":"https:\/\/www.acib.pt\/index.php\/mkt-venda\/","url":"https:\/\/www.acib.pt\/index.php\/mkt-venda\/","name":"Comercial, Vendas e Marketing - ACIB - Associa\u00e7\u00e3o Comercial e Industrial da Bairrada","isPartOf":{"@id":"https:\/\/www.acib.pt\/#website"},"primaryImageOfPage":{"@id":"https:\/\/www.acib.pt\/index.php\/mkt-venda\/#primaryimage"},"image":{"@id":"https:\/\/www.acib.pt\/index.php\/mkt-venda\/#primaryimage"},"thumbnailUrl":"https:\/\/www.acib.pt\/wp-content\/uploads\/2022\/08\/ACIB_FORMACOES_Atendimento_1920x1080px.jpg","datePublished":"2022-08-03T11:27:43+00:00","dateModified":"2022-09-05T10:35:28+00:00","breadcrumb":{"@id":"https:\/\/www.acib.pt\/index.php\/mkt-venda\/#breadcrumb"},"inLanguage":"pt-PT","potentialAction":[{"@type":"ReadAction","target":["https:\/\/www.acib.pt\/index.php\/mkt-venda\/"]}]},{"@type":"ImageObject","inLanguage":"pt-PT","@id":"https:\/\/www.acib.pt\/index.php\/mkt-venda\/#primaryimage","url":"https:\/\/www.acib.pt\/wp-content\/uploads\/2022\/08\/ACIB_FORMACOES_Atendimento_1920x1080px.jpg","contentUrl":"https:\/\/www.acib.pt\/wp-content\/uploads\/2022\/08\/ACIB_FORMACOES_Atendimento_1920x1080px.jpg","width":1920,"height":1080},{"@type":"BreadcrumbList","@id":"https:\/\/www.acib.pt\/index.php\/mkt-venda\/#breadcrumb","itemListElement":[{"@type":"ListItem","position":1,"name":"In\u00edcio","item":"https:\/\/www.acib.pt\/"},{"@type":"ListItem","position":2,"name":"Comercial, Vendas e Marketing"}]},{"@type":"WebSite","@id":"https:\/\/www.acib.pt\/#website","url":"https:\/\/www.acib.pt\/","name":"ACIB - Associa\u00e7\u00e3o Comercial e Industrial da Bairrada","description":"","publisher":{"@id":"https:\/\/www.acib.pt\/#organization"},"potentialAction":[{"@type":"SearchAction","target":{"@type":"EntryPoint","urlTemplate":"https:\/\/www.acib.pt\/?s={search_term_string}"},"query-input":{"@type":"PropertyValueSpecification","valueRequired":true,"valueName":"search_term_string"}}],"inLanguage":"pt-PT"},{"@type":"Organization","@id":"https:\/\/www.acib.pt\/#organization","name":"ACIB - Associa\u00e7\u00e3o Comercial e Industrial da Bairrada","url":"https:\/\/www.acib.pt\/","logo":{"@type":"ImageObject","inLanguage":"pt-PT","@id":"https:\/\/www.acib.pt\/#\/schema\/logo\/image\/","url":"https:\/\/www.acib.pt\/wp-content\/uploads\/2022\/05\/logo-header.png","contentUrl":"https:\/\/www.acib.pt\/wp-content\/uploads\/2022\/05\/logo-header.png","width":566,"height":800,"caption":"ACIB - Associa\u00e7\u00e3o Comercial e Industrial da Bairrada"},"image":{"@id":"https:\/\/www.acib.pt\/#\/schema\/logo\/image\/"}}]}},"_links":{"self":[{"href":"https:\/\/www.acib.pt\/index.php\/wp-json\/wp\/v2\/pages\/3817","targetHints":{"allow":["GET"]}}],"collection":[{"href":"https:\/\/www.acib.pt\/index.php\/wp-json\/wp\/v2\/pages"}],"about":[{"href":"https:\/\/www.acib.pt\/index.php\/wp-json\/wp\/v2\/types\/page"}],"author":[{"embeddable":true,"href":"https:\/\/www.acib.pt\/index.php\/wp-json\/wp\/v2\/users\/1"}],"replies":[{"embeddable":true,"href":"https:\/\/www.acib.pt\/index.php\/wp-json\/wp\/v2\/comments?post=3817"}],"version-history":[{"count":10,"href":"https:\/\/www.acib.pt\/index.php\/wp-json\/wp\/v2\/pages\/3817\/revisions"}],"predecessor-version":[{"id":4663,"href":"https:\/\/www.acib.pt\/index.php\/wp-json\/wp\/v2\/pages\/3817\/revisions\/4663"}],"wp:attachment":[{"href":"https:\/\/www.acib.pt\/index.php\/wp-json\/wp\/v2\/media?parent=3817"}],"curies":[{"name":"wp","href":"https:\/\/api.w.org\/{rel}","templated":true}]}}