{"id":4308,"date":"2022-08-31T09:43:22","date_gmt":"2022-08-31T09:43:22","guid":{"rendered":"https:\/\/www.acib.pt\/?page_id=4308"},"modified":"2022-08-31T16:12:31","modified_gmt":"2022-08-31T16:12:31","slug":"candidatura","status":"publish","type":"page","link":"https:\/\/www.acib.pt\/index.php\/candidatura\/","title":{"rendered":"Candidatura"},"content":{"rendered":"\t\t<div data-elementor-type=\"wp-page\" data-elementor-id=\"4308\" class=\"elementor elementor-4308\">\n\t\t\t\t\t\t<section class=\"elementor-section elementor-top-section elementor-element elementor-element-45a256f elementor-section-boxed elementor-section-height-default elementor-section-height-default\" data-id=\"45a256f\" data-element_type=\"section\">\n\t\t\t\t\t\t<div class=\"elementor-container elementor-column-gap-default\">\n\t\t\t\t\t<div class=\"elementor-column elementor-col-100 elementor-top-column elementor-element elementor-element-de7dada\" data-id=\"de7dada\" data-element_type=\"column\">\n\t\t\t<div class=\"elementor-widget-wrap elementor-element-populated\">\n\t\t\t\t\t\t<div class=\"elementor-element elementor-element-fb814ac elementor-widget elementor-widget-heading\" data-id=\"fb814ac\" data-element_type=\"widget\" data-widget_type=\"heading.default\">\n\t\t\t\t<div class=\"elementor-widget-container\">\n\t\t\t\t\t<h3 class=\"elementor-heading-title elementor-size-default\">Candidatura<\/h3>\t\t\t\t<\/div>\n\t\t\t\t<\/div>\n\t\t\t\t<div class=\"elementor-element elementor-element-5e5360f elementor-widget-divider--view-line elementor-widget elementor-widget-divider\" data-id=\"5e5360f\" data-element_type=\"widget\" data-widget_type=\"divider.default\">\n\t\t\t\t<div class=\"elementor-widget-container\">\n\t\t\t\t\t\t\t<div class=\"elementor-divider\">\n\t\t\t<span class=\"elementor-divider-separator\">\n\t\t\t\t\t\t<\/span>\n\t\t<\/div>\n\t\t\t\t\t\t<\/div>\n\t\t\t\t<\/div>\n\t\t\t\t<div class=\"elementor-element elementor-element-60b5abd elementor-widget__width-inherit eael-contact-form-7-button-align-left eael-contact-form-7-button-custom elementor-widget elementor-widget-eael-contact-form-7\" data-id=\"60b5abd\" data-element_type=\"widget\" data-widget_type=\"eael-contact-form-7.default\">\n\t\t\t\t<div class=\"elementor-widget-container\">\n\t\t\t\t\t<div class=\"eael-contact-form-7-wrapper\">\n                <div class=\"eael-contact-form eael-contact-form-7 eael-contact-form-60b5abd placeholder-show eael-custom-radio-checkbox eael-contact-form-align-right\">\n<div class=\"wpcf7 no-js\" id=\"wpcf7-f4309-o1\" lang=\"pt-PT\" dir=\"ltr\" data-wpcf7-id=\"4309\">\n<div class=\"screen-reader-response\"><p role=\"status\" aria-live=\"polite\" aria-atomic=\"true\"><\/p> <ul><\/ul><\/div>\n<form action=\"\/index.php\/wp-json\/wp\/v2\/pages\/4308#wpcf7-f4309-o1\" method=\"post\" class=\"wpcf7-form init\" aria-label=\"Formul\u00e1rio de contacto\" enctype=\"multipart\/form-data\" novalidate=\"novalidate\" data-status=\"init\">\n<fieldset class=\"hidden-fields-container\"><input type=\"hidden\" name=\"_wpcf7\" value=\"4309\" \/><input type=\"hidden\" name=\"_wpcf7_version\" value=\"6.1.4\" \/><input type=\"hidden\" name=\"_wpcf7_locale\" value=\"pt_PT\" \/><input type=\"hidden\" name=\"_wpcf7_unit_tag\" value=\"wpcf7-f4309-o1\" \/><input type=\"hidden\" name=\"_wpcf7_container_post\" value=\"0\" \/><input type=\"hidden\" name=\"_wpcf7_posted_data_hash\" value=\"\" \/><input type=\"hidden\" name=\"_wpcf7cf_hidden_group_fields\" value=\"[]\" \/><input type=\"hidden\" name=\"_wpcf7cf_hidden_groups\" value=\"[]\" \/><input type=\"hidden\" name=\"_wpcf7cf_visible_groups\" value=\"[]\" \/><input type=\"hidden\" name=\"_wpcf7cf_repeaters\" value=\"[]\" \/><input type=\"hidden\" name=\"_wpcf7cf_steps\" value=\"{}\" \/><input type=\"hidden\" name=\"_wpcf7cf_options\" value=\"{&quot;form_id&quot;:4309,&quot;conditions&quot;:[{&quot;then_field&quot;:&quot;-1&quot;,&quot;and_rules&quot;:[{&quot;if_field&quot;:&quot;-1&quot;,&quot;operator&quot;:&quot;equals&quot;,&quot;if_value&quot;:&quot;&quot;}]}],&quot;settings&quot;:{&quot;animation&quot;:&quot;yes&quot;,&quot;animation_intime&quot;:200,&quot;animation_outtime&quot;:200,&quot;conditions_ui&quot;:&quot;normal&quot;,&quot;notice_dismissed&quot;:false}}\" \/><input type=\"hidden\" name=\"_wpcf7_recaptcha_response\" value=\"\" \/>\n<\/fieldset>\n<p><label>An\u00fancio a que se candidata*<\/label><br \/>\n<span class=\"wpcf7-form-control-wrap\" data-name=\"anuncio\"><select class=\"wpcf7-form-control wpcf7-select wpcf7-validates-as-required\" aria-required=\"true\" aria-invalid=\"false\" name=\"anuncio\"><option value=\"ADMINISTRATIVO (M\/F) - EST\u00c1GIO PROFISSIONAL\">ADMINISTRATIVO (M\/F) - EST\u00c1GIO PROFISSIONAL<\/option><option value=\"TALHANTE (M\/F)\">TALHANTE (M\/F)<\/option><option value=\"GESTOR\/A DE OPERA\u00c7\u00d5ES (RETALHO ALIMENTAR) (M\/F)\">GESTOR\/A DE OPERA\u00c7\u00d5ES (RETALHO ALIMENTAR) (M\/F)<\/option><\/select><\/span>\n<\/p>\n<div style=\"display:flex\">\n\t<div style=\"width:50%; margin-right:20px\">\n\t\t<p><label>Nome *<\/label><br \/>\n<span class=\"wpcf7-form-control-wrap\" data-name=\"nome\"><input size=\"40\" maxlength=\"400\" class=\"wpcf7-form-control wpcf7-text wpcf7-validates-as-required\" aria-required=\"true\" aria-invalid=\"false\" value=\"\" type=\"text\" name=\"nome\" \/><\/span>\n\t\t<\/p>\n\t<\/div>\n\t<div style=\"width:50%; margin-left:20px\">\n\t\t<p><label>E-mail *<\/label><br \/>\n<span class=\"wpcf7-form-control-wrap\" data-name=\"email\"><input size=\"40\" maxlength=\"400\" class=\"wpcf7-form-control wpcf7-email wpcf7-validates-as-required wpcf7-text wpcf7-validates-as-email\" aria-required=\"true\" aria-invalid=\"false\" value=\"\" type=\"email\" name=\"email\" \/><\/span>\n\t\t<\/p>\n\t<\/div>\n<\/div>\n<div style=\"display:flex\">\n\t<div style=\"width:50%; margin-right:20px\">\n\t\t<p><label>Telem\u00f3vel *<\/label><br \/>\n<span class=\"wpcf7-form-control-wrap\" data-name=\"telemovel\"><input size=\"40\" maxlength=\"400\" class=\"wpcf7-form-control wpcf7-text wpcf7-validates-as-required\" aria-required=\"true\" aria-invalid=\"false\" value=\"\" type=\"text\" name=\"telemovel\" \/><\/span>\n\t\t<\/p>\n\t<\/div>\n\t<div style=\"width:50%; margin-left:20px\">\n\t\t<p><label>Data de nascimento*<\/label><br \/>\n<span class=\"wpcf7-form-control-wrap\" data-name=\"data_nascimento\"><input size=\"40\" maxlength=\"400\" class=\"wpcf7-form-control wpcf7-text wpcf7-validates-as-required\" aria-required=\"true\" aria-invalid=\"false\" value=\"\" type=\"text\" name=\"data_nascimento\" \/><\/span>\n\t\t<\/p>\n\t<\/div>\n<\/div>\n<div style=\"display:flex\">\n\t<div style=\"width:50%; margin-right:20px\">\n\t\t<p><label>Estado civil*<\/label><br \/>\n<span class=\"wpcf7-form-control-wrap\" data-name=\"estado_civil\"><input size=\"40\" maxlength=\"400\" class=\"wpcf7-form-control wpcf7-text wpcf7-validates-as-required\" aria-required=\"true\" aria-invalid=\"false\" value=\"\" type=\"text\" name=\"estado_civil\" \/><\/span>\n\t\t<\/p>\n\t<\/div>\n\t<div style=\"width:50%; margin-left:20px\">\n\t\t<p><label>Morada*<\/label><br \/>\n<span class=\"wpcf7-form-control-wrap\" data-name=\"morada\"><input size=\"40\" maxlength=\"400\" class=\"wpcf7-form-control wpcf7-text wpcf7-validates-as-required\" aria-required=\"true\" aria-invalid=\"false\" value=\"\" type=\"text\" name=\"morada\" \/><\/span>\n\t\t<\/p>\n\t<\/div>\n<\/div>\n<div style=\"display:flex\">\n\t<div style=\"width:50%; margin-right:20px\">\n\t\t<p><label>Localidade<\/label><br \/>\n<span class=\"wpcf7-form-control-wrap\" data-name=\"localidade\"><input size=\"40\" maxlength=\"400\" class=\"wpcf7-form-control wpcf7-text\" aria-invalid=\"false\" value=\"\" type=\"text\" name=\"localidade\" \/><\/span>\n\t\t<\/p>\n\t<\/div>\n\t<div style=\"width:50%; margin-left:20px\">\n\t\t<p><label>C\u00f3digo postal *<\/label><br \/>\n<span class=\"wpcf7-form-control-wrap\" data-name=\"cod_postal\"><input size=\"40\" maxlength=\"400\" class=\"wpcf7-form-control wpcf7-text wpcf7-validates-as-required\" aria-required=\"true\" aria-invalid=\"false\" value=\"\" type=\"text\" name=\"cod_postal\" \/><\/span>\n\t\t<\/p>\n\t<\/div>\n<\/div>\n<p><label style=\"margin-bottom:10px\">Situa\u00e7\u00e3o profissional*<\/label><br \/>\n<span class=\"wpcf7-form-control-wrap\" data-name=\"situacao_profissional\"><span class=\"wpcf7-form-control wpcf7-radio\"><span class=\"wpcf7-list-item first\"><label><input type=\"radio\" name=\"situacao_profissional\" value=\"Desempregado(a)\" checked=\"checked\" \/><span class=\"wpcf7-list-item-label\">Desempregado(a)<\/span><\/label><\/span><span class=\"wpcf7-list-item\"><label><input type=\"radio\" name=\"situacao_profissional\" value=\"Empregado(a)\" \/><span class=\"wpcf7-list-item-label\">Empregado(a)<\/span><\/label><\/span><span class=\"wpcf7-list-item\"><label><input type=\"radio\" name=\"situacao_profissional\" value=\"Est\u00e1gio\" \/><span class=\"wpcf7-list-item-label\">Est\u00e1gio<\/span><\/label><\/span><span class=\"wpcf7-list-item last\"><label><input type=\"radio\" name=\"situacao_profissional\" value=\"1\u00ba Emprego\" \/><span class=\"wpcf7-list-item-label\">1\u00ba Emprego<\/span><\/label><\/span><\/span><\/span>\n<\/p>\n<p><label>Experi\u00eancia anterior e outras compet\u00eancias relevantes<\/label><br \/>\n<span class=\"wpcf7-form-control-wrap\" data-name=\"experiencia_anterior\"><textarea cols=\"40\" rows=\"10\" maxlength=\"2000\" class=\"wpcf7-form-control wpcf7-textarea\" aria-invalid=\"false\" name=\"experiencia_anterior\"><\/textarea><\/span>\n<\/p>\n<div style=\"display:flex\">\n\t<div style=\"width:50%; margin-right:20px\">\n\t\t<p><label>Curr\u00edculo*<\/label><br \/>\n<span class=\"wpcf7-form-control-wrap\" data-name=\"habilitacoes\"><input size=\"40\" class=\"wpcf7-form-control wpcf7-file wpcf7-validates-as-required\" accept=\".jpeg,.jpg,.png,.pdf\" aria-required=\"true\" aria-invalid=\"false\" type=\"file\" name=\"habilitacoes\" \/><\/span>\n\t\t<\/p>\n\t<\/div>\n\t<div style=\"width:50%; margin-left:20px\">\n\t\t<p><label>Carta de apresenta\u00e7\u00e3o<\/label><br \/>\n<span class=\"wpcf7-form-control-wrap\" data-name=\"carta_apresentacao\"><input size=\"40\" class=\"wpcf7-form-control wpcf7-file\" accept=\".jpeg,.jpg,.png,.pdf\" aria-invalid=\"false\" type=\"file\" name=\"carta_apresentacao\" \/><\/span>\n\t\t<\/p>\n\t<\/div>\n<\/div>\n<span class=\"wpcf7-form-control-wrap recaptcha\" data-name=\"recaptcha\"><span data-sitekey=\"6LdFxCshAAAAAOiiNAJVLxnNX2f4Bgaxj4qA3SYc\" class=\"wpcf7-form-control wpcf7-recaptcha g-recaptcha\"><\/span>\r\n<noscript>\r\n\t<div class=\"grecaptcha-noscript\">\r\n\t\t<iframe src=\"https:\/\/www.google.com\/recaptcha\/api\/fallback?k=6LdFxCshAAAAAOiiNAJVLxnNX2f4Bgaxj4qA3SYc\" frameborder=\"0\" scrolling=\"no\" width=\"310\" height=\"430\">\r\n\t\t<\/iframe>\r\n\t\t<textarea name=\"g-recaptcha-response\" rows=\"3\" cols=\"40\" placeholder=\"reCaptcha Response Here\">\r\n\t\t<\/textarea>\r\n\t<\/div>\r\n<\/noscript>\r\n<\/span>\n<p><input class=\"wpcf7-form-control wpcf7-submit has-spinner\" type=\"submit\" value=\"Submeter\" \/>\n<\/p><div class=\"wpcf7-response-output\" aria-hidden=\"true\"><\/div>\n<\/form>\n<\/div>\n<\/div>\n            <\/div>\t\t\t\t<\/div>\n\t\t\t\t<\/div>\n\t\t\t\t\t<\/div>\n\t\t<\/div>\n\t\t\t\t\t<\/div>\n\t\t<\/section>\n\t\t\t\t<\/div>\n\t\t","protected":false},"excerpt":{"rendered":"<p>Candidatura An\u00fancio a que se candidata* Motorista semi-reboqueAdministrativoEmpregado de mesaTalhantePizzaioloEnfermeiroT\u00e9cnico de atividade f\u00edsicaFisioterapeuta Nome * E-mail * Telem\u00f3vel * Data de nascimento* Estado civil* Morada* Localidade C\u00f3digo postal * Situa\u00e7\u00e3o profissional* Desempregado(a)Empregado(a)Est\u00e1gio1\u00ba Emprego Experi\u00eancia anterior e outras compet\u00eancias relevantes O que motiva a sua candidatura? Habilita\u00e7\u00f5es* Carta de apresenta\u00e7\u00e3o<\/p>\n","protected":false},"author":1,"featured_media":0,"parent":0,"menu_order":0,"comment_status":"closed","ping_status":"closed","template":"","meta":{"footnotes":""},"class_list":["post-4308","page","type-page","status-publish","hentry"],"yoast_head":"<!-- This site is optimized with the Yoast SEO plugin v26.1.1 - https:\/\/yoast.com\/wordpress\/plugins\/seo\/ -->\n<title>Candidatura - ACIB - Associa\u00e7\u00e3o Comercial e Industrial da Bairrada<\/title>\n<meta name=\"robots\" content=\"index, follow, max-snippet:-1, max-image-preview:large, max-video-preview:-1\" \/>\n<link rel=\"canonical\" href=\"https:\/\/www.acib.pt\/index.php\/candidatura\/\" \/>\n<meta property=\"og:locale\" content=\"pt_PT\" \/>\n<meta property=\"og:type\" content=\"article\" \/>\n<meta property=\"og:title\" content=\"Candidatura - ACIB - Associa\u00e7\u00e3o Comercial e Industrial da Bairrada\" \/>\n<meta property=\"og:description\" content=\"Candidatura An\u00fancio a que se candidata* Motorista semi-reboqueAdministrativoEmpregado de mesaTalhantePizzaioloEnfermeiroT\u00e9cnico de atividade f\u00edsicaFisioterapeuta Nome * E-mail * Telem\u00f3vel * Data de nascimento* Estado civil* Morada* Localidade C\u00f3digo postal * Situa\u00e7\u00e3o profissional* Desempregado(a)Empregado(a)Est\u00e1gio1\u00ba Emprego Experi\u00eancia anterior e outras compet\u00eancias relevantes O que motiva a sua candidatura? Habilita\u00e7\u00f5es* Carta de apresenta\u00e7\u00e3o\" \/>\n<meta property=\"og:url\" content=\"https:\/\/www.acib.pt\/index.php\/candidatura\/\" \/>\n<meta property=\"og:site_name\" content=\"ACIB - Associa\u00e7\u00e3o Comercial e Industrial da Bairrada\" \/>\n<meta property=\"article:modified_time\" content=\"2022-08-31T16:12:31+00:00\" \/>\n<meta name=\"twitter:card\" content=\"summary_large_image\" \/>\n<script type=\"application\/ld+json\" class=\"yoast-schema-graph\">{\"@context\":\"https:\/\/schema.org\",\"@graph\":[{\"@type\":\"WebPage\",\"@id\":\"https:\/\/www.acib.pt\/index.php\/candidatura\/\",\"url\":\"https:\/\/www.acib.pt\/index.php\/candidatura\/\",\"name\":\"Candidatura - ACIB - Associa\u00e7\u00e3o Comercial e Industrial da Bairrada\",\"isPartOf\":{\"@id\":\"https:\/\/www.acib.pt\/#website\"},\"datePublished\":\"2022-08-31T09:43:22+00:00\",\"dateModified\":\"2022-08-31T16:12:31+00:00\",\"breadcrumb\":{\"@id\":\"https:\/\/www.acib.pt\/index.php\/candidatura\/#breadcrumb\"},\"inLanguage\":\"pt-PT\",\"potentialAction\":[{\"@type\":\"ReadAction\",\"target\":[\"https:\/\/www.acib.pt\/index.php\/candidatura\/\"]}]},{\"@type\":\"BreadcrumbList\",\"@id\":\"https:\/\/www.acib.pt\/index.php\/candidatura\/#breadcrumb\",\"itemListElement\":[{\"@type\":\"ListItem\",\"position\":1,\"name\":\"In\u00edcio\",\"item\":\"https:\/\/www.acib.pt\/\"},{\"@type\":\"ListItem\",\"position\":2,\"name\":\"Candidatura\"}]},{\"@type\":\"WebSite\",\"@id\":\"https:\/\/www.acib.pt\/#website\",\"url\":\"https:\/\/www.acib.pt\/\",\"name\":\"ACIB - Associa\u00e7\u00e3o Comercial e Industrial da Bairrada\",\"description\":\"\",\"publisher\":{\"@id\":\"https:\/\/www.acib.pt\/#organization\"},\"potentialAction\":[{\"@type\":\"SearchAction\",\"target\":{\"@type\":\"EntryPoint\",\"urlTemplate\":\"https:\/\/www.acib.pt\/?s={search_term_string}\"},\"query-input\":{\"@type\":\"PropertyValueSpecification\",\"valueRequired\":true,\"valueName\":\"search_term_string\"}}],\"inLanguage\":\"pt-PT\"},{\"@type\":\"Organization\",\"@id\":\"https:\/\/www.acib.pt\/#organization\",\"name\":\"ACIB - Associa\u00e7\u00e3o Comercial e Industrial da Bairrada\",\"url\":\"https:\/\/www.acib.pt\/\",\"logo\":{\"@type\":\"ImageObject\",\"inLanguage\":\"pt-PT\",\"@id\":\"https:\/\/www.acib.pt\/#\/schema\/logo\/image\/\",\"url\":\"https:\/\/www.acib.pt\/wp-content\/uploads\/2022\/05\/logo-header.png\",\"contentUrl\":\"https:\/\/www.acib.pt\/wp-content\/uploads\/2022\/05\/logo-header.png\",\"width\":566,\"height\":800,\"caption\":\"ACIB - Associa\u00e7\u00e3o Comercial e Industrial da Bairrada\"},\"image\":{\"@id\":\"https:\/\/www.acib.pt\/#\/schema\/logo\/image\/\"}}]}<\/script>\n<!-- \/ Yoast SEO plugin. -->","yoast_head_json":{"title":"Candidatura - ACIB - Associa\u00e7\u00e3o Comercial e Industrial da Bairrada","robots":{"index":"index","follow":"follow","max-snippet":"max-snippet:-1","max-image-preview":"max-image-preview:large","max-video-preview":"max-video-preview:-1"},"canonical":"https:\/\/www.acib.pt\/index.php\/candidatura\/","og_locale":"pt_PT","og_type":"article","og_title":"Candidatura - ACIB - Associa\u00e7\u00e3o Comercial e Industrial da Bairrada","og_description":"Candidatura An\u00fancio a que se candidata* Motorista semi-reboqueAdministrativoEmpregado de mesaTalhantePizzaioloEnfermeiroT\u00e9cnico de atividade f\u00edsicaFisioterapeuta Nome * E-mail * Telem\u00f3vel * Data de nascimento* Estado civil* Morada* Localidade C\u00f3digo postal * Situa\u00e7\u00e3o profissional* Desempregado(a)Empregado(a)Est\u00e1gio1\u00ba Emprego Experi\u00eancia anterior e outras compet\u00eancias relevantes O que motiva a sua candidatura? Habilita\u00e7\u00f5es* Carta de apresenta\u00e7\u00e3o","og_url":"https:\/\/www.acib.pt\/index.php\/candidatura\/","og_site_name":"ACIB - Associa\u00e7\u00e3o Comercial e Industrial da Bairrada","article_modified_time":"2022-08-31T16:12:31+00:00","twitter_card":"summary_large_image","schema":{"@context":"https:\/\/schema.org","@graph":[{"@type":"WebPage","@id":"https:\/\/www.acib.pt\/index.php\/candidatura\/","url":"https:\/\/www.acib.pt\/index.php\/candidatura\/","name":"Candidatura - ACIB - Associa\u00e7\u00e3o Comercial e Industrial da Bairrada","isPartOf":{"@id":"https:\/\/www.acib.pt\/#website"},"datePublished":"2022-08-31T09:43:22+00:00","dateModified":"2022-08-31T16:12:31+00:00","breadcrumb":{"@id":"https:\/\/www.acib.pt\/index.php\/candidatura\/#breadcrumb"},"inLanguage":"pt-PT","potentialAction":[{"@type":"ReadAction","target":["https:\/\/www.acib.pt\/index.php\/candidatura\/"]}]},{"@type":"BreadcrumbList","@id":"https:\/\/www.acib.pt\/index.php\/candidatura\/#breadcrumb","itemListElement":[{"@type":"ListItem","position":1,"name":"In\u00edcio","item":"https:\/\/www.acib.pt\/"},{"@type":"ListItem","position":2,"name":"Candidatura"}]},{"@type":"WebSite","@id":"https:\/\/www.acib.pt\/#website","url":"https:\/\/www.acib.pt\/","name":"ACIB - Associa\u00e7\u00e3o Comercial e Industrial da Bairrada","description":"","publisher":{"@id":"https:\/\/www.acib.pt\/#organization"},"potentialAction":[{"@type":"SearchAction","target":{"@type":"EntryPoint","urlTemplate":"https:\/\/www.acib.pt\/?s={search_term_string}"},"query-input":{"@type":"PropertyValueSpecification","valueRequired":true,"valueName":"search_term_string"}}],"inLanguage":"pt-PT"},{"@type":"Organization","@id":"https:\/\/www.acib.pt\/#organization","name":"ACIB - Associa\u00e7\u00e3o Comercial e Industrial da Bairrada","url":"https:\/\/www.acib.pt\/","logo":{"@type":"ImageObject","inLanguage":"pt-PT","@id":"https:\/\/www.acib.pt\/#\/schema\/logo\/image\/","url":"https:\/\/www.acib.pt\/wp-content\/uploads\/2022\/05\/logo-header.png","contentUrl":"https:\/\/www.acib.pt\/wp-content\/uploads\/2022\/05\/logo-header.png","width":566,"height":800,"caption":"ACIB - Associa\u00e7\u00e3o Comercial e Industrial da Bairrada"},"image":{"@id":"https:\/\/www.acib.pt\/#\/schema\/logo\/image\/"}}]}},"_links":{"self":[{"href":"https:\/\/www.acib.pt\/index.php\/wp-json\/wp\/v2\/pages\/4308","targetHints":{"allow":["GET"]}}],"collection":[{"href":"https:\/\/www.acib.pt\/index.php\/wp-json\/wp\/v2\/pages"}],"about":[{"href":"https:\/\/www.acib.pt\/index.php\/wp-json\/wp\/v2\/types\/page"}],"author":[{"embeddable":true,"href":"https:\/\/www.acib.pt\/index.php\/wp-json\/wp\/v2\/users\/1"}],"replies":[{"embeddable":true,"href":"https:\/\/www.acib.pt\/index.php\/wp-json\/wp\/v2\/comments?post=4308"}],"version-history":[{"count":27,"href":"https:\/\/www.acib.pt\/index.php\/wp-json\/wp\/v2\/pages\/4308\/revisions"}],"predecessor-version":[{"id":4455,"href":"https:\/\/www.acib.pt\/index.php\/wp-json\/wp\/v2\/pages\/4308\/revisions\/4455"}],"wp:attachment":[{"href":"https:\/\/www.acib.pt\/index.php\/wp-json\/wp\/v2\/media?parent=4308"}],"curies":[{"name":"wp","href":"https:\/\/api.w.org\/{rel}","templated":true}]}}