{"id":4589,"date":"2022-09-02T16:10:19","date_gmt":"2022-09-02T16:10:19","guid":{"rendered":"https:\/\/www.acib.pt\/?page_id=4589"},"modified":"2022-09-02T16:19:57","modified_gmt":"2022-09-02T16:19:57","slug":"plano-de-formacao","status":"publish","type":"page","link":"https:\/\/www.acib.pt\/index.php\/plano-de-formacao\/","title":{"rendered":"Plano de forma\u00e7\u00e3o"},"content":{"rendered":"\t\t<div data-elementor-type=\"wp-page\" data-elementor-id=\"4589\" class=\"elementor elementor-4589\">\n\t\t\t\t\t\t<section class=\"elementor-section elementor-top-section elementor-element elementor-element-e357d9d elementor-section-boxed elementor-section-height-default elementor-section-height-default\" data-id=\"e357d9d\" data-element_type=\"section\">\n\t\t\t\t\t\t<div class=\"elementor-container elementor-column-gap-extended\">\n\t\t\t\t\t<div class=\"elementor-column elementor-col-100 elementor-top-column elementor-element elementor-element-38516b3\" data-id=\"38516b3\" data-element_type=\"column\">\n\t\t\t<div class=\"elementor-widget-wrap elementor-element-populated\">\n\t\t\t\t\t\t<div class=\"elementor-element elementor-element-6ae3136 elementor-widget elementor-widget-heading\" data-id=\"6ae3136\" data-element_type=\"widget\" data-widget_type=\"heading.default\">\n\t\t\t\t<div class=\"elementor-widget-container\">\n\t\t\t\t\t<h3 class=\"elementor-heading-title elementor-size-default\">Plano de forma\u00e7\u00e3o<\/h3>\t\t\t\t<\/div>\n\t\t\t\t<\/div>\n\t\t\t\t<div class=\"elementor-element elementor-element-2b134ef elementor-widget-divider--view-line elementor-widget elementor-widget-divider\" data-id=\"2b134ef\" data-element_type=\"widget\" data-widget_type=\"divider.default\">\n\t\t\t\t<div class=\"elementor-widget-container\">\n\t\t\t\t\t\t\t<div class=\"elementor-divider\">\n\t\t\t<span class=\"elementor-divider-separator\">\n\t\t\t\t\t\t<\/span>\n\t\t<\/div>\n\t\t\t\t\t\t<\/div>\n\t\t\t\t<\/div>\n\t\t\t\t\t<\/div>\n\t\t<\/div>\n\t\t\t\t\t<\/div>\n\t\t<\/section>\n\t\t\t\t<section class=\"elementor-section elementor-top-section elementor-element elementor-element-a30e1fc elementor-section-boxed elementor-section-height-default elementor-section-height-default\" data-id=\"a30e1fc\" data-element_type=\"section\">\n\t\t\t\t\t\t<div class=\"elementor-container elementor-column-gap-default\">\n\t\t\t\t\t<div class=\"elementor-column elementor-col-100 elementor-top-column elementor-element elementor-element-f8067c3\" data-id=\"f8067c3\" data-element_type=\"column\">\n\t\t\t<div class=\"elementor-widget-wrap elementor-element-populated\">\n\t\t\t\t\t\t<div class=\"elementor-element elementor-element-24f28c1 elementor-grid-eael-col-3 elementor-grid-tablet-eael-col-2 elementor-grid-mobile-eael-col-1 elementor-widget elementor-widget-eael-post-grid\" data-id=\"24f28c1\" data-element_type=\"widget\" data-settings=\"{&quot;eael_post_grid_columns&quot;:&quot;eael-col-3&quot;,&quot;eael_post_grid_columns_tablet&quot;:&quot;eael-col-2&quot;,&quot;eael_post_grid_columns_mobile&quot;:&quot;eael-col-1&quot;}\" data-widget_type=\"eael-post-grid.default\">\n\t\t\t\t<div class=\"elementor-widget-container\">\n\t\t\t\t\t<div id=\"eael-post-grid-24f28c1\" class=\"eael-post-grid-container\">\n            <div class=\"eael-post-grid eael-post-appender eael-post-appender-24f28c1 eael-post-grid-style-one\" data-layout-mode=\"grid\"><p class=\"no-posts-found\">No posts found!<\/p><\/div>\n            <div class=\"clearfix\"><\/div>\n        <\/div>\t\t\t\t<\/div>\n\t\t\t\t<\/div>\n\t\t\t\t\t<\/div>\n\t\t<\/div>\n\t\t\t\t\t<\/div>\n\t\t<\/section>\n\t\t\t\t<\/div>\n\t\t","protected":false},"excerpt":{"rendered":"<p>Plano de forma\u00e7\u00e3o Lideran\u00e7a e Coaching Lideran\u00e7a e Coaching Enquadramento A Forma\u00e7\u00e3o Modular Certificada, integrada no&#8230;<\/p>\n","protected":false},"author":1,"featured_media":0,"parent":0,"menu_order":0,"comment_status":"closed","ping_status":"closed","template":"","meta":{"footnotes":""},"class_list":["post-4589","page","type-page","status-publish","hentry"],"yoast_head":"<!-- This site is optimized with the Yoast SEO plugin v26.1.1 - https:\/\/yoast.com\/wordpress\/plugins\/seo\/ -->\n<title>Plano de forma\u00e7\u00e3o - ACIB - Associa\u00e7\u00e3o Comercial e Industrial da Bairrada<\/title>\n<meta name=\"robots\" content=\"index, follow, max-snippet:-1, max-image-preview:large, max-video-preview:-1\" \/>\n<link rel=\"canonical\" href=\"https:\/\/www.acib.pt\/index.php\/plano-de-formacao\/\" \/>\n<meta property=\"og:locale\" content=\"pt_PT\" \/>\n<meta property=\"og:type\" content=\"article\" \/>\n<meta property=\"og:title\" content=\"Plano de forma\u00e7\u00e3o - ACIB - Associa\u00e7\u00e3o Comercial e Industrial da Bairrada\" \/>\n<meta property=\"og:description\" content=\"Plano de forma\u00e7\u00e3o Lideran\u00e7a e Coaching Lideran\u00e7a e Coaching Enquadramento A Forma\u00e7\u00e3o Modular Certificada, integrada no&#8230;\" \/>\n<meta property=\"og:url\" content=\"https:\/\/www.acib.pt\/index.php\/plano-de-formacao\/\" \/>\n<meta property=\"og:site_name\" content=\"ACIB - Associa\u00e7\u00e3o Comercial e Industrial da Bairrada\" \/>\n<meta property=\"article:modified_time\" content=\"2022-09-02T16:19:57+00:00\" \/>\n<meta property=\"og:image\" content=\"https:\/\/www.acib.pt\/wp-content\/uploads\/2022\/07\/ACIB_FORMACOES_Lideranca_1920x1080px-300x169.jpg\" \/>\n<meta name=\"twitter:card\" content=\"summary_large_image\" \/>\n<script type=\"application\/ld+json\" class=\"yoast-schema-graph\">{\"@context\":\"https:\/\/schema.org\",\"@graph\":[{\"@type\":\"WebPage\",\"@id\":\"https:\/\/www.acib.pt\/index.php\/plano-de-formacao\/\",\"url\":\"https:\/\/www.acib.pt\/index.php\/plano-de-formacao\/\",\"name\":\"Plano de forma\u00e7\u00e3o - ACIB - Associa\u00e7\u00e3o Comercial e Industrial da Bairrada\",\"isPartOf\":{\"@id\":\"https:\/\/www.acib.pt\/#website\"},\"primaryImageOfPage\":{\"@id\":\"https:\/\/www.acib.pt\/index.php\/plano-de-formacao\/#primaryimage\"},\"image\":{\"@id\":\"https:\/\/www.acib.pt\/index.php\/plano-de-formacao\/#primaryimage\"},\"thumbnailUrl\":\"https:\/\/www.acib.pt\/wp-content\/uploads\/2022\/07\/ACIB_FORMACOES_Lideranca_1920x1080px-300x169.jpg\",\"datePublished\":\"2022-09-02T16:10:19+00:00\",\"dateModified\":\"2022-09-02T16:19:57+00:00\",\"breadcrumb\":{\"@id\":\"https:\/\/www.acib.pt\/index.php\/plano-de-formacao\/#breadcrumb\"},\"inLanguage\":\"pt-PT\",\"potentialAction\":[{\"@type\":\"ReadAction\",\"target\":[\"https:\/\/www.acib.pt\/index.php\/plano-de-formacao\/\"]}]},{\"@type\":\"ImageObject\",\"inLanguage\":\"pt-PT\",\"@id\":\"https:\/\/www.acib.pt\/index.php\/plano-de-formacao\/#primaryimage\",\"url\":\"https:\/\/www.acib.pt\/wp-content\/uploads\/2022\/07\/ACIB_FORMACOES_Lideranca_1920x1080px.jpg\",\"contentUrl\":\"https:\/\/www.acib.pt\/wp-content\/uploads\/2022\/07\/ACIB_FORMACOES_Lideranca_1920x1080px.jpg\",\"width\":1920,\"height\":1080},{\"@type\":\"BreadcrumbList\",\"@id\":\"https:\/\/www.acib.pt\/index.php\/plano-de-formacao\/#breadcrumb\",\"itemListElement\":[{\"@type\":\"ListItem\",\"position\":1,\"name\":\"In\u00edcio\",\"item\":\"https:\/\/www.acib.pt\/\"},{\"@type\":\"ListItem\",\"position\":2,\"name\":\"Plano de forma\u00e7\u00e3o\"}]},{\"@type\":\"WebSite\",\"@id\":\"https:\/\/www.acib.pt\/#website\",\"url\":\"https:\/\/www.acib.pt\/\",\"name\":\"ACIB - Associa\u00e7\u00e3o Comercial e Industrial da Bairrada\",\"description\":\"\",\"publisher\":{\"@id\":\"https:\/\/www.acib.pt\/#organization\"},\"potentialAction\":[{\"@type\":\"SearchAction\",\"target\":{\"@type\":\"EntryPoint\",\"urlTemplate\":\"https:\/\/www.acib.pt\/?s={search_term_string}\"},\"query-input\":{\"@type\":\"PropertyValueSpecification\",\"valueRequired\":true,\"valueName\":\"search_term_string\"}}],\"inLanguage\":\"pt-PT\"},{\"@type\":\"Organization\",\"@id\":\"https:\/\/www.acib.pt\/#organization\",\"name\":\"ACIB - Associa\u00e7\u00e3o Comercial e Industrial da Bairrada\",\"url\":\"https:\/\/www.acib.pt\/\",\"logo\":{\"@type\":\"ImageObject\",\"inLanguage\":\"pt-PT\",\"@id\":\"https:\/\/www.acib.pt\/#\/schema\/logo\/image\/\",\"url\":\"https:\/\/www.acib.pt\/wp-content\/uploads\/2022\/05\/logo-header.png\",\"contentUrl\":\"https:\/\/www.acib.pt\/wp-content\/uploads\/2022\/05\/logo-header.png\",\"width\":566,\"height\":800,\"caption\":\"ACIB - Associa\u00e7\u00e3o Comercial e Industrial da Bairrada\"},\"image\":{\"@id\":\"https:\/\/www.acib.pt\/#\/schema\/logo\/image\/\"}}]}<\/script>\n<!-- \/ Yoast SEO plugin. -->","yoast_head_json":{"title":"Plano de forma\u00e7\u00e3o - ACIB - Associa\u00e7\u00e3o Comercial e Industrial da Bairrada","robots":{"index":"index","follow":"follow","max-snippet":"max-snippet:-1","max-image-preview":"max-image-preview:large","max-video-preview":"max-video-preview:-1"},"canonical":"https:\/\/www.acib.pt\/index.php\/plano-de-formacao\/","og_locale":"pt_PT","og_type":"article","og_title":"Plano de forma\u00e7\u00e3o - ACIB - Associa\u00e7\u00e3o Comercial e Industrial da Bairrada","og_description":"Plano de forma\u00e7\u00e3o Lideran\u00e7a e Coaching Lideran\u00e7a e Coaching Enquadramento A Forma\u00e7\u00e3o Modular Certificada, integrada no&#8230;","og_url":"https:\/\/www.acib.pt\/index.php\/plano-de-formacao\/","og_site_name":"ACIB - Associa\u00e7\u00e3o Comercial e Industrial da Bairrada","article_modified_time":"2022-09-02T16:19:57+00:00","og_image":[{"url":"https:\/\/www.acib.pt\/wp-content\/uploads\/2022\/07\/ACIB_FORMACOES_Lideranca_1920x1080px-300x169.jpg","type":"","width":"","height":""}],"twitter_card":"summary_large_image","schema":{"@context":"https:\/\/schema.org","@graph":[{"@type":"WebPage","@id":"https:\/\/www.acib.pt\/index.php\/plano-de-formacao\/","url":"https:\/\/www.acib.pt\/index.php\/plano-de-formacao\/","name":"Plano de forma\u00e7\u00e3o - ACIB - Associa\u00e7\u00e3o Comercial e Industrial da Bairrada","isPartOf":{"@id":"https:\/\/www.acib.pt\/#website"},"primaryImageOfPage":{"@id":"https:\/\/www.acib.pt\/index.php\/plano-de-formacao\/#primaryimage"},"image":{"@id":"https:\/\/www.acib.pt\/index.php\/plano-de-formacao\/#primaryimage"},"thumbnailUrl":"https:\/\/www.acib.pt\/wp-content\/uploads\/2022\/07\/ACIB_FORMACOES_Lideranca_1920x1080px-300x169.jpg","datePublished":"2022-09-02T16:10:19+00:00","dateModified":"2022-09-02T16:19:57+00:00","breadcrumb":{"@id":"https:\/\/www.acib.pt\/index.php\/plano-de-formacao\/#breadcrumb"},"inLanguage":"pt-PT","potentialAction":[{"@type":"ReadAction","target":["https:\/\/www.acib.pt\/index.php\/plano-de-formacao\/"]}]},{"@type":"ImageObject","inLanguage":"pt-PT","@id":"https:\/\/www.acib.pt\/index.php\/plano-de-formacao\/#primaryimage","url":"https:\/\/www.acib.pt\/wp-content\/uploads\/2022\/07\/ACIB_FORMACOES_Lideranca_1920x1080px.jpg","contentUrl":"https:\/\/www.acib.pt\/wp-content\/uploads\/2022\/07\/ACIB_FORMACOES_Lideranca_1920x1080px.jpg","width":1920,"height":1080},{"@type":"BreadcrumbList","@id":"https:\/\/www.acib.pt\/index.php\/plano-de-formacao\/#breadcrumb","itemListElement":[{"@type":"ListItem","position":1,"name":"In\u00edcio","item":"https:\/\/www.acib.pt\/"},{"@type":"ListItem","position":2,"name":"Plano de forma\u00e7\u00e3o"}]},{"@type":"WebSite","@id":"https:\/\/www.acib.pt\/#website","url":"https:\/\/www.acib.pt\/","name":"ACIB - Associa\u00e7\u00e3o Comercial e Industrial da Bairrada","description":"","publisher":{"@id":"https:\/\/www.acib.pt\/#organization"},"potentialAction":[{"@type":"SearchAction","target":{"@type":"EntryPoint","urlTemplate":"https:\/\/www.acib.pt\/?s={search_term_string}"},"query-input":{"@type":"PropertyValueSpecification","valueRequired":true,"valueName":"search_term_string"}}],"inLanguage":"pt-PT"},{"@type":"Organization","@id":"https:\/\/www.acib.pt\/#organization","name":"ACIB - Associa\u00e7\u00e3o Comercial e Industrial da Bairrada","url":"https:\/\/www.acib.pt\/","logo":{"@type":"ImageObject","inLanguage":"pt-PT","@id":"https:\/\/www.acib.pt\/#\/schema\/logo\/image\/","url":"https:\/\/www.acib.pt\/wp-content\/uploads\/2022\/05\/logo-header.png","contentUrl":"https:\/\/www.acib.pt\/wp-content\/uploads\/2022\/05\/logo-header.png","width":566,"height":800,"caption":"ACIB - Associa\u00e7\u00e3o Comercial e Industrial da Bairrada"},"image":{"@id":"https:\/\/www.acib.pt\/#\/schema\/logo\/image\/"}}]}},"_links":{"self":[{"href":"https:\/\/www.acib.pt\/index.php\/wp-json\/wp\/v2\/pages\/4589","targetHints":{"allow":["GET"]}}],"collection":[{"href":"https:\/\/www.acib.pt\/index.php\/wp-json\/wp\/v2\/pages"}],"about":[{"href":"https:\/\/www.acib.pt\/index.php\/wp-json\/wp\/v2\/types\/page"}],"author":[{"embeddable":true,"href":"https:\/\/www.acib.pt\/index.php\/wp-json\/wp\/v2\/users\/1"}],"replies":[{"embeddable":true,"href":"https:\/\/www.acib.pt\/index.php\/wp-json\/wp\/v2\/comments?post=4589"}],"version-history":[{"count":13,"href":"https:\/\/www.acib.pt\/index.php\/wp-json\/wp\/v2\/pages\/4589\/revisions"}],"predecessor-version":[{"id":4614,"href":"https:\/\/www.acib.pt\/index.php\/wp-json\/wp\/v2\/pages\/4589\/revisions\/4614"}],"wp:attachment":[{"href":"https:\/\/www.acib.pt\/index.php\/wp-json\/wp\/v2\/media?parent=4589"}],"curies":[{"name":"wp","href":"https:\/\/api.w.org\/{rel}","templated":true}]}}